{"id":834,"date":"2024-03-19T12:36:27","date_gmt":"2024-03-19T11:36:27","guid":{"rendered":"https:\/\/altura-gestion.fr\/?page_id=834"},"modified":"2025-03-03T16:05:28","modified_gmt":"2025-03-03T15:05:28","slug":"3-avenue-louise-4eme-etage-la-madeleine","status":"publish","type":"page","link":"https:\/\/altura-gestion.fr\/index.php\/3-avenue-louise-4eme-etage-la-madeleine\/","title":{"rendered":"3 avenue Louise, 4\u00e8me \u00e9tage, LA MADELEINE"},"content":{"rendered":"\n<div class=\"wp-block-essential-blocks-slider  root-eb-slider-kwodw\"><div class=\"eb-parent-wrapper eb-parent-eb-slider-kwodw \"><div class=\"eb-slider-wrapper eb-slider-kwodw\" data-settings=\"{&quot;arrows&quot;:true,&quot;adaptiveHeight&quot;:true,&quot;autoplay&quot;:true,&quot;autoplaySpeed&quot;:6000,&quot;dots&quot;:true,&quot;fade&quot;:false,&quot;infinite&quot;:true,&quot;pauseOnHover&quot;:true,&quot;slidesToShow&quot;:1,&quot;speed&quot;:500,&quot;vertical&quot;:false,&quot;currentSlide&quot;:0,&quot;rtl&quot;:false,&quot;responsive&quot;:[{&quot;breakpoint&quot;:1025,&quot;settings&quot;:{&quot;slidesToShow&quot;:1}},{&quot;breakpoint&quot;:767,&quot;settings&quot;:{&quot;slidesToShow&quot;:1}}]}\" data-images=\"[{&quot;url&quot;:&quot;http:\/\/altura-gestion.fr\/wp-content\/uploads\/2025\/03\/IMG_4407-scaled.jpg&quot;,&quot;alt&quot;:&quot;&quot;,&quot;id&quot;:0,&quot;imageId&quot;:1711,&quot;caption&quot;:&quot;&quot;,&quot;title&quot;:&quot;Slider 1&quot;,&quot;subtitle&quot;:&quot;Essential Blocks Slider Subtitle&quot;,&quot;showButton&quot;:true,&quot;buttonText&quot;:&quot;See More&quot;,&quot;buttonUrl&quot;:&quot;&quot;,&quot;openNewTab&quot;:false,&quot;isValidUrl&quot;:true,&quot;showSecondButton&quot;:false,&quot;secondButtonText&quot;:&quot;See More&quot;,&quot;secondButtonUrl&quot;:&quot;&quot;,&quot;secondButtonOpenNewTab&quot;:false},{&quot;url&quot;:&quot;http:\/\/altura-gestion.fr\/wp-content\/uploads\/2025\/03\/IMG_4406-scaled.jpg&quot;,&quot;alt&quot;:&quot;&quot;,&quot;id&quot;:1,&quot;imageId&quot;:1710,&quot;caption&quot;:&quot;&quot;,&quot;title&quot;:&quot;Slider 2&quot;,&quot;subtitle&quot;:&quot;Essential Blocks Slider Subtitle&quot;,&quot;showButton&quot;:true,&quot;buttonText&quot;:&quot;See More&quot;,&quot;buttonUrl&quot;:&quot;&quot;,&quot;openNewTab&quot;:false,&quot;isValidUrl&quot;:true,&quot;showSecondButton&quot;:false,&quot;secondButtonText&quot;:&quot;See More&quot;,&quot;secondButtonUrl&quot;:&quot;&quot;,&quot;secondButtonOpenNewTab&quot;:false},{&quot;url&quot;:&quot;http:\/\/altura-gestion.fr\/wp-content\/uploads\/2025\/03\/IMG_4404-scaled.jpg&quot;,&quot;alt&quot;:&quot;&quot;,&quot;id&quot;:2,&quot;imageId&quot;:1709,&quot;caption&quot;:&quot;&quot;,&quot;title&quot;:&quot;Slider 3&quot;,&quot;subtitle&quot;:&quot;Essential Blocks Slider Subtitle&quot;,&quot;showButton&quot;:true,&quot;buttonText&quot;:&quot;See More&quot;,&quot;buttonUrl&quot;:&quot;&quot;,&quot;openNewTab&quot;:false,&quot;isValidUrl&quot;:true,&quot;showSecondButton&quot;:false,&quot;secondButtonText&quot;:&quot;See More&quot;,&quot;secondButtonUrl&quot;:&quot;&quot;,&quot;secondButtonOpenNewTab&quot;:false},{&quot;url&quot;:&quot;http:\/\/altura-gestion.fr\/wp-content\/uploads\/2025\/03\/IMG_4402-scaled.jpg&quot;,&quot;alt&quot;:&quot;&quot;,&quot;id&quot;:3,&quot;imageId&quot;:1708,&quot;caption&quot;:&quot;&quot;,&quot;title&quot;:&quot;Slider 4&quot;,&quot;subtitle&quot;:&quot;Essential Blocks Slider Subtitle&quot;,&quot;showButton&quot;:true,&quot;buttonText&quot;:&quot;See More&quot;,&quot;buttonUrl&quot;:&quot;&quot;,&quot;openNewTab&quot;:false,&quot;isValidUrl&quot;:true,&quot;showSecondButton&quot;:false,&quot;secondButtonText&quot;:&quot;See More&quot;,&quot;secondButtonUrl&quot;:&quot;&quot;,&quot;secondButtonOpenNewTab&quot;:false},{&quot;url&quot;:&quot;http:\/\/altura-gestion.fr\/wp-content\/uploads\/2025\/03\/IMG_4401-scaled.jpg&quot;,&quot;alt&quot;:&quot;&quot;,&quot;id&quot;:4,&quot;imageId&quot;:1707,&quot;caption&quot;:&quot;&quot;,&quot;title&quot;:&quot;Slider 5&quot;,&quot;subtitle&quot;:&quot;Essential Blocks Slider Subtitle&quot;,&quot;showButton&quot;:true,&quot;buttonText&quot;:&quot;See More&quot;,&quot;buttonUrl&quot;:&quot;&quot;,&quot;openNewTab&quot;:false,&quot;isValidUrl&quot;:true,&quot;showSecondButton&quot;:false,&quot;secondButtonText&quot;:&quot;See More&quot;,&quot;secondButtonUrl&quot;:&quot;&quot;,&quot;secondButtonOpenNewTab&quot;:false}]\" data-slidercontenttype=\"content-1\" data-slidertype=\"image\" data-textalign=\"left\" data-arrownexticon=\"fas fa-chevron-right\" data-arrowprevicon=\"fas fa-chevron-left\" data-titletag=\"h2\" data-contenttag=\"p\"><div class=\"eb-slider-type-image\"><div class=\"eb-slider-item content-1\"><img decoding=\"async\" class=\"eb-slider-image\" src=\"http:\/\/altura-gestion.fr\/wp-content\/uploads\/2025\/03\/IMG_4407-scaled.jpg\"\/><\/div><div class=\"eb-slider-item content-1\"><img decoding=\"async\" class=\"eb-slider-image\" src=\"http:\/\/altura-gestion.fr\/wp-content\/uploads\/2025\/03\/IMG_4406-scaled.jpg\"\/><\/div><div class=\"eb-slider-item content-1\"><img decoding=\"async\" class=\"eb-slider-image\" src=\"http:\/\/altura-gestion.fr\/wp-content\/uploads\/2025\/03\/IMG_4404-scaled.jpg\"\/><\/div><div class=\"eb-slider-item content-1\"><img decoding=\"async\" class=\"eb-slider-image\" src=\"http:\/\/altura-gestion.fr\/wp-content\/uploads\/2025\/03\/IMG_4402-scaled.jpg\"\/><\/div><div class=\"eb-slider-item content-1\"><img decoding=\"async\" class=\"eb-slider-image\" src=\"http:\/\/altura-gestion.fr\/wp-content\/uploads\/2025\/03\/IMG_4401-scaled.jpg\"\/><\/div><\/div><\/div><\/div><\/div>\n\n\n\n<div class=\"wp-block-essential-blocks-advanced-heading  root-eb-advance-heading-t4ct4 animation-4abb4926-9ff9-4587-a449-37bc59c34719\"><div class=\"eb-parent-wrapper eb-parent-eb-advance-heading-t4ct4 \"><div class=\"eb-advance-heading-wrapper eb-advance-heading-t4ct4 button-1\" data-id=\"eb-advance-heading-t4ct4\"><h2 class=\"eb-ah-title\"><br>Grand studio lumineux \u00e0 La Madeleine !<\/h2><\/div><\/div><\/div>\n\n\n\n<p class=\"\"><br>Studio lumineux de 30,40m2 situ\u00e9 3 avenue Louise \u00e0 La Madeleine. Cet appartement est compos\u00e9 d&rsquo;une belle pi\u00e8ce de vie avec cuisine ouverte am\u00e9nag\u00e9e et \u00e9quip\u00e9e (frigo, plaques, four, meubles bas). Un coin nuit et une belle salle de bain avec baignoire, meuble vasque, WC et branchements machine \u00e0 laver.<\/p>\n\n\n\n<p class=\"\">Honoraires :&nbsp;13\u20ac\/m2&nbsp; &nbsp; D\u00e9p\u00f4t de garantie : 580\u20ac<\/p>\n\n\n\n<p class=\"\">Loyer : 580\u20ac <br>Charges : 60\u20ac (eau froide, entretien de la chaudi\u00e8re et entretien des parties communes) <\/p>\n\n\n\n<p class=\"\">Disponibilit\u00e9 : 03\/04\/2024<\/p>\n\n\n\n<p class=\"\">Les informations sur les risques auxquels ce bien est expos\u00e9 sont disponibles sur le site G\u00e9orisques&nbsp;<a href=\"https:\/\/www.georisques.gouv.fr\/\" target=\"_blank\" rel=\"noreferrer noopener\">https:\/\/www.georisques.gouv.fr\/<\/a><\/p>\n\n\n<style>.kadence-column834_4d03d7-a8 > .kt-inside-inner-col,.kadence-column834_4d03d7-a8 > .kt-inside-inner-col:before{border-top-left-radius:0px;border-top-right-radius:0px;border-bottom-right-radius:0px;border-bottom-left-radius:0px;}.kadence-column834_4d03d7-a8 > .kt-inside-inner-col{column-gap:var(--global-kb-gap-sm, 1rem);}.kadence-column834_4d03d7-a8 > .kt-inside-inner-col{flex-direction:column;}.kadence-column834_4d03d7-a8 > .kt-inside-inner-col > .aligncenter{width:100%;}.kadence-column834_4d03d7-a8 > .kt-inside-inner-col:before{opacity:0.3;}.kadence-column834_4d03d7-a8{position:relative;}@media all and (max-width: 1024px){.kadence-column834_4d03d7-a8 > .kt-inside-inner-col{flex-direction:column;justify-content:center;}}@media all and (max-width: 767px){.kadence-column834_4d03d7-a8 > .kt-inside-inner-col{flex-direction:column;justify-content:center;}}<\/style>\n<div class=\"wp-block-kadence-column kadence-column834_4d03d7-a8\"><div class=\"kt-inside-inner-col\"><style>.kb-row-layout-id834_0f0b53-b7 > .kt-row-column-wrap{align-content:start;}:where(.kb-row-layout-id834_0f0b53-b7 > .kt-row-column-wrap) > .wp-block-kadence-column{justify-content:start;}.kb-row-layout-id834_0f0b53-b7 > .kt-row-column-wrap{column-gap:var(--global-kb-gap-md, 2rem);row-gap:var(--global-kb-gap-md, 2rem);padding-top:var(--global-kb-spacing-sm, 1.5rem);padding-bottom:var(--global-kb-spacing-sm, 1.5rem);grid-template-columns:repeat(2, minmax(0, 1fr));}.kb-row-layout-id834_0f0b53-b7 > .kt-row-layout-overlay{opacity:0.30;}@media all and (max-width: 1024px){.kb-row-layout-id834_0f0b53-b7 > .kt-row-column-wrap{grid-template-columns:repeat(2, minmax(0, 1fr));}}@media all and (max-width: 767px){.kb-row-layout-id834_0f0b53-b7 > .kt-row-column-wrap{grid-template-columns:minmax(0, 1fr);}}<\/style><div class=\"kb-row-layout-wrap kb-row-layout-id834_0f0b53-b7 alignnone wp-block-kadence-rowlayout\"><div class=\"kt-row-column-wrap kt-has-2-columns kt-row-layout-equal kt-tab-layout-inherit kt-mobile-layout-row kt-row-valign-top\">\n<style>.kadence-column834_5d2076-8c > .kt-inside-inner-col,.kadence-column834_5d2076-8c > .kt-inside-inner-col:before{border-top-left-radius:0px;border-top-right-radius:0px;border-bottom-right-radius:0px;border-bottom-left-radius:0px;}.kadence-column834_5d2076-8c > .kt-inside-inner-col{column-gap:var(--global-kb-gap-sm, 1rem);}.kadence-column834_5d2076-8c > .kt-inside-inner-col{flex-direction:column;}.kadence-column834_5d2076-8c > .kt-inside-inner-col > .aligncenter{width:100%;}.kadence-column834_5d2076-8c > .kt-inside-inner-col:before{opacity:0.3;}.kadence-column834_5d2076-8c{position:relative;}@media all and (max-width: 1024px){.kadence-column834_5d2076-8c > .kt-inside-inner-col{flex-direction:column;justify-content:center;}}@media all and (max-width: 767px){.kadence-column834_5d2076-8c > .kt-inside-inner-col{flex-direction:column;justify-content:center;}}<\/style>\n<div class=\"wp-block-kadence-column kadence-column834_5d2076-8c\"><div class=\"kt-inside-inner-col\">\n<p class=\"has-text-align-center has-text-color has-link-color wp-elements-3e7414cddc0f2e7b4c65073af371edf1\" style=\"color:#8a8a8a\">Diagnostic de performance \u00e9nerg\u00e9tique <\/p>\n\n\n<div class=\"wp-block-image\">\n<figure class=\"aligncenter size-full is-resized\"><img fetchpriority=\"high\" decoding=\"async\" width=\"356\" height=\"350\" src=\"http:\/\/altura-gestion.fr\/wp-content\/uploads\/2024\/03\/Capture-decran-2024-03-18-a-16.50.09.png\" alt=\"\" class=\"wp-image-844\" style=\"width:175px\" srcset=\"https:\/\/altura-gestion.fr\/wp-content\/uploads\/2024\/03\/Capture-decran-2024-03-18-a-16.50.09.png 356w, https:\/\/altura-gestion.fr\/wp-content\/uploads\/2024\/03\/Capture-decran-2024-03-18-a-16.50.09-300x295.png 300w\" sizes=\"(max-width: 356px) 100vw, 356px\" \/><\/figure>\n<\/div><\/div><\/div>\n\n\n<style>.kadence-column834_e26326-56 > .kt-inside-inner-col,.kadence-column834_e26326-56 > .kt-inside-inner-col:before{border-top-left-radius:0px;border-top-right-radius:0px;border-bottom-right-radius:0px;border-bottom-left-radius:0px;}.kadence-column834_e26326-56 > .kt-inside-inner-col{column-gap:var(--global-kb-gap-sm, 1rem);}.kadence-column834_e26326-56 > .kt-inside-inner-col{flex-direction:column;}.kadence-column834_e26326-56 > .kt-inside-inner-col > .aligncenter{width:100%;}.kadence-column834_e26326-56 > .kt-inside-inner-col:before{opacity:0.3;}.kadence-column834_e26326-56{position:relative;}@media all and (max-width: 1024px){.kadence-column834_e26326-56 > .kt-inside-inner-col{flex-direction:column;justify-content:center;}}@media all and (max-width: 767px){.kadence-column834_e26326-56 > .kt-inside-inner-col{flex-direction:column;justify-content:center;}}<\/style>\n<div class=\"wp-block-kadence-column kadence-column834_e26326-56\"><div class=\"kt-inside-inner-col\">\n<p class=\"has-text-align-center has-text-color has-link-color wp-elements-8740bd29f48430a73dfc66f6f3650f2a\" style=\"color:#8a8a8a\">Indice d&rsquo;\u00e9mission de gaz \u00e0 effet de serre<\/p>\n\n\n<div class=\"wp-block-image\">\n<figure class=\"aligncenter size-full is-resized\"><img fetchpriority=\"high\" decoding=\"async\" width=\"356\" height=\"350\" src=\"http:\/\/altura-gestion.fr\/wp-content\/uploads\/2024\/03\/Capture-decran-2024-03-18-a-16.50.09.png\" alt=\"\" class=\"wp-image-844\" style=\"width:175px\" srcset=\"https:\/\/altura-gestion.fr\/wp-content\/uploads\/2024\/03\/Capture-decran-2024-03-18-a-16.50.09.png 356w, https:\/\/altura-gestion.fr\/wp-content\/uploads\/2024\/03\/Capture-decran-2024-03-18-a-16.50.09-300x295.png 300w\" sizes=\"(max-width: 356px) 100vw, 356px\" \/><\/figure>\n<\/div><\/div><\/div>\n\n<\/div><\/div><\/div><\/div>\n","protected":false},"excerpt":{"rendered":"<p>Studio lumineux de 30,40m2 situ\u00e9 3 avenue Louise \u00e0 La Madeleine. Cet appartement est compos\u00e9 d&rsquo;une belle pi\u00e8ce de vie avec cuisine ouverte am\u00e9nag\u00e9e et \u00e9quip\u00e9e (frigo, plaques, four, meubles bas). Un coin nuit et une belle salle de bain avec baignoire, meuble vasque, WC et branchements machine \u00e0 laver. Honoraires :&nbsp;13\u20ac\/m2&nbsp; &nbsp; D\u00e9p\u00f4t de&#8230;<\/p>\n","protected":false},"author":1,"featured_media":0,"parent":0,"menu_order":0,"comment_status":"closed","ping_status":"closed","template":"","meta":{"_eb_attr":"","_kad_post_transparent":"","_kad_post_title":"hide","_kad_post_layout":"","_kad_post_sidebar_id":"","_kad_post_content_style":"","_kad_post_vertical_padding":"","_kad_post_feature":"","_kad_post_feature_position":"","_kad_post_header":false,"_kad_post_footer":false,"_advanced_animation_props":"{\"animations\":{\"fade-in\":{\"id\":\"fade-in\",\"name\":\"fade in\",\"keyframes\":{\"0%\":{\"transform\":{},\"opacity\":\"0%\"},\"100%\":{\"transform\":{},\"opacity\":\"100%\"}}},\"fade-in-left\":{\"id\":\"fade-in-left\",\"name\":\"fade in left\",\"keyframes\":{\"0%\":{\"transform\":{\"translateX\":\"50px\"},\"opacity\":\"0%\"},\"100%\":{\"transform\":{\"translateX\":\"0px\"},\"opacity\":\"100%\"}}},\"fade-in-right\":{\"id\":\"fade-in-right\",\"name\":\"fade in right\",\"keyframes\":{\"0%\":{\"transform\":{\"translateX\":\"-50px\"},\"opacity\":\"0%\"},\"100%\":{\"transform\":{\"translateX\":\"0px\"},\"opacity\":\"100%\"}}},\"fade-in-top\":{\"id\":\"fade-in-top\",\"name\":\"fade in top\",\"keyframes\":{\"0%\":{\"transform\":{\"translateY\":\"50px\"},\"opacity\":\"0%\"},\"100%\":{\"transform\":{\"translateY\":\"0px\"},\"opacity\":\"100%\"}}},\"fade-in-down\":{\"id\":\"fade-in-down\",\"name\":\"fade in down\",\"keyframes\":{\"0%\":{\"transform\":{\"translateY\":\"-50px\"},\"opacity\":\"0%\"},\"100%\":{\"transform\":{\"translateY\":\"0px\"},\"opacity\":\"100%\"}}},\"zoom-in\":{\"id\":\"zoom-in\",\"name\":\"zoom in\",\"keyframes\":{\"0%\":{\"transform\":{\"scale\":\"70%\"},\"opacity\":\"0%\"},\"100%\":{\"transform\":{\"scale\":\"100%\"},\"opacity\":\"100%\"}}},\"zoom-out\":{\"id\":\"zoom-out\",\"name\":\"zoom out\",\"keyframes\":{\"0%\":{\"transform\":{\"scale\":\"130%\"},\"opacity\":\"0%\"},\"100%\":{\"transform\":{\"scale\":\"100%\"},\"opacity\":\"100%\"}}},\"scale-up\":{\"id\":\"scale-up\",\"name\":\"scale up\",\"keyframes\":{\"0%\":{\"transform\":{\"scale\":\"100%\"}},\"100%\":{\"transform\":{\"scale\":\"120%\"}}}},\"scale-down\":{\"id\":\"scale-down\",\"name\":\"scale down\",\"keyframes\":{\"0%\":{\"transform\":{\"scale\":\"100%\"}},\"100%\":{\"transform\":{\"scale\":\"80%\"}}}},\"clip-from-left\":{\"id\":\"clip-from-left\",\"name\":\"reveal from left\",\"keyframes\":{\"0%\":{\"clip-path\":\"inset(0% 100% 0% 0%)\"},\"100%\":{\"clip-path\":\"inset(0% 0% 0% 0%)\"}}},\"clip-from-right\":{\"id\":\"clip-from-right\",\"name\":\"reveal from right\",\"keyframes\":{\"0%\":{\"clip-path\":\"inset(0% 0% 0% 100%)\"},\"100%\":{\"clip-path\":\"inset(0% 0% 0% 0%)\"}}},\"clip-from-top\":{\"id\":\"clip-from-top\",\"name\":\"reveal from top\",\"keyframes\":{\"0%\":{\"clip-path\":\"inset(0% 0% 100% 0%)\"},\"100%\":{\"clip-path\":\"inset(0% 0% 0% 0%)\"}}},\"clip-from-bottom\":{\"id\":\"clip-from-bottom\",\"name\":\"reveal from bottom\",\"keyframes\":{\"0%\":{\"clip-path\":\"inset(100% 0% 0% 0%)\"},\"100%\":{\"clip-path\":\"inset(0% 0% 0% 0%)\"}}},\"text-rotate-intro\":{\"id\":\"text-rotate-intro\",\"name\":\"text rotate intro\",\"keyframes\":{\"0%\":{\"transform\":{\"rotate\":\"-10deg\",\"rotateX\":\"75deg\",\"rotateY\":\"0deg\"},\"opacity\":\"0%\"},\"100%\":{\"transform\":{\"rotate\":\"0deg\",\"rotateX\":\"0deg\",\"rotateY\":\"0deg\"},\"opacity\":\"100%\"}}},\"zoom-rotate\":{\"id\":\"zoom-rotate\",\"name\":\"zoom rotate\",\"keyframes\":{\"0%\":{\"transform\":{\"rotate\":\"180deg\",\"scale\":\"50%\"},\"opacity\":\"0%\"},\"100%\":{\"transform\":{\"rotate\":\"0deg\",\"scale\":\"100%\"},\"opacity\":\"100%\"}}},\"move-up\":{\"id\":\"move-up\",\"name\":\"move up\",\"keyframes\":{\"0%\":{\"transform\":{\"translateY\":\"100%\"}},\"100%\":{\"transform\":{\"translateY\":\"0%\"}}}},\"move-down\":{\"id\":\"move-down\",\"name\":\"move down\",\"keyframes\":{\"0%\":{\"transform\":{\"translateY\":\"-100-%\"}},\"100%\":{\"transform\":{\"translateY\":\"0%\"}}}},\"video-app-intro\":{\"id\":\"video-app-intro\",\"name\":\"video app intro\",\"keyframes\":{\"0%\":{\"transform\":{\"translateX\":\"-300px\",\"scale\":\"300%\",\"rotate\":\"90deg\"}},\"50%\":{\"transform\":{\"translateX\":\"-300px\",\"scale\":\"100%\",\"rotate\":\"0deg\"}},\"100%\":{\"transform\":{\"translateX\":\"0px\",\"scale\":\"100%\",\"rotate\":\"0deg\"}}}}},\"settings\":{\"4abb4926-9ff9-4587-a449-37bc59c34719\":{\"fade-in-top\":{\"selector\":true,\"triggerType\":\"onVisible\",\"triggerTarget\":[],\"triggerOnce\":true,\"reverseTarget\":[],\"easing\":\"ease-in-out\",\"duration\":\"2\",\"delay\":0,\"iterationCount\":1,\"direction\":\"normal\"}}}}","_advanced_custom_css":"","footnotes":""},"class_list":["post-834","page","type-page","status-publish","hentry"],"_links":{"self":[{"href":"https:\/\/altura-gestion.fr\/index.php\/wp-json\/wp\/v2\/pages\/834","targetHints":{"allow":["GET"]}}],"collection":[{"href":"https:\/\/altura-gestion.fr\/index.php\/wp-json\/wp\/v2\/pages"}],"about":[{"href":"https:\/\/altura-gestion.fr\/index.php\/wp-json\/wp\/v2\/types\/page"}],"author":[{"embeddable":true,"href":"https:\/\/altura-gestion.fr\/index.php\/wp-json\/wp\/v2\/users\/1"}],"replies":[{"embeddable":true,"href":"https:\/\/altura-gestion.fr\/index.php\/wp-json\/wp\/v2\/comments?post=834"}],"version-history":[{"count":9,"href":"https:\/\/altura-gestion.fr\/index.php\/wp-json\/wp\/v2\/pages\/834\/revisions"}],"predecessor-version":[{"id":1713,"href":"https:\/\/altura-gestion.fr\/index.php\/wp-json\/wp\/v2\/pages\/834\/revisions\/1713"}],"wp:attachment":[{"href":"https:\/\/altura-gestion.fr\/index.php\/wp-json\/wp\/v2\/media?parent=834"}],"curies":[{"name":"wp","href":"https:\/\/api.w.org\/{rel}","templated":true}]}}