{"id":40,"date":"2024-03-01T10:22:09","date_gmt":"2024-03-01T09:22:09","guid":{"rendered":"https:\/\/altura-gestion.fr\/?page_id=40"},"modified":"2024-03-17T10:43:26","modified_gmt":"2024-03-17T09:43:26","slug":"contact","status":"publish","type":"page","link":"https:\/\/altura-gestion.fr\/index.php\/contact\/","title":{"rendered":"Contact"},"content":{"rendered":"\n<p class=\"has-text-color has-link-color has-medium-font-size animation-3df4c582-cfe6-485e-affb-3a38aa36604b wp-elements-0e52c5f6af777781ca94ead20ac09cee\" style=\"color:#50b5da\"><strong>Une question sur la mise en location de votre bien ?<\/strong> <\/p>\n\n\n\n<p class=\"has-text-color has-link-color has-medium-font-size animation-c5eac93d-27cb-4f29-ae1d-ed3f546f1bfd wp-elements-b21fb68ba9b2a6878d0ee8869a037974\" style=\"color:#50b5da\"><strong>Ou sur la gestion locative ?<\/strong><\/p>\n\n\n\n<p class=\"animation-095107e5-681f-4193-ae80-1a52e7dfc991\" style=\"font-style:normal;font-weight:600\"><em>Altura Gestion r\u00e9pond \u00e0 toutes vos demandes ! <\/em><\/p>\n\n\n<style>.wp-block-kadence-spacer.kt-block-spacer-40_69ba34-77 .kt-block-spacer{height:30px;}.wp-block-kadence-spacer.kt-block-spacer-40_69ba34-77 .kt-divider{border-top-width:1px;height:1px;border-top-color:var(--global-palette9, #ffffff);width:80%;border-top-style:dashed;}<\/style>\n<div class=\"wp-block-kadence-spacer aligncenter kt-block-spacer-40_69ba34-77\"><div class=\"kt-block-spacer kt-block-spacer-halign-center\"><hr class=\"kt-divider\"\/><\/div><\/div>\n\n\n<style>.kb-row-layout-id40_a35694-3c > .kt-row-column-wrap{align-content:start;}:where(.kb-row-layout-id40_a35694-3c > .kt-row-column-wrap) > .wp-block-kadence-column{justify-content:start;}.kb-row-layout-id40_a35694-3c > .kt-row-column-wrap{column-gap:var(--global-kb-gap-md, 2rem);row-gap:var(--global-kb-gap-md, 2rem);padding-top:var(--global-kb-spacing-xl, 4rem);padding-bottom:var(--global-kb-spacing-xl, 4rem);grid-template-columns:minmax(0, calc(50% - ((var(--global-kb-gap-md, 2rem) * 1 )\/2)))minmax(0, calc(50% - ((var(--global-kb-gap-md, 2rem) * 1 )\/2)));}.kb-row-layout-id40_a35694-3c > .kt-row-layout-overlay{opacity:0.30;}@media all and (max-width: 1024px){.kb-row-layout-id40_a35694-3c > .kt-row-column-wrap{grid-template-columns:repeat(2, minmax(0, 1fr));}}@media all and (max-width: 767px){.kb-row-layout-id40_a35694-3c > .kt-row-column-wrap{grid-template-columns:minmax(0, 1fr);}}<\/style><div class=\"kb-row-layout-wrap kb-row-layout-id40_a35694-3c alignnone wp-block-kadence-rowlayout\"><div class=\"kt-row-column-wrap kt-has-2-columns kt-row-layout-equal kt-tab-layout-inherit kt-mobile-layout-row kt-row-valign-top\">\n<style>.kadence-column40_9e79d9-3d > .kt-inside-inner-col,.kadence-column40_9e79d9-3d > .kt-inside-inner-col:before{border-top-left-radius:0px;border-top-right-radius:0px;border-bottom-right-radius:0px;border-bottom-left-radius:0px;}.kadence-column40_9e79d9-3d > .kt-inside-inner-col{column-gap:var(--global-kb-gap-sm, 1rem);}.kadence-column40_9e79d9-3d > .kt-inside-inner-col{flex-direction:column;}.kadence-column40_9e79d9-3d > .kt-inside-inner-col > .aligncenter{width:100%;}.kadence-column40_9e79d9-3d > .kt-inside-inner-col:before{opacity:0.3;}.kadence-column40_9e79d9-3d{position:relative;}@media all and (max-width: 1024px){.kadence-column40_9e79d9-3d > .kt-inside-inner-col{flex-direction:column;justify-content:center;}}@media all and (max-width: 767px){.kadence-column40_9e79d9-3d > .kt-inside-inner-col{flex-direction:column;justify-content:center;}}<\/style>\n<div class=\"wp-block-kadence-column kadence-column40_9e79d9-3d\"><div class=\"kt-inside-inner-col\"><style>.wp-block-kadence-column.kb-section-dir-horizontal > .kt-inside-inner-col > .kt-info-box40_87ff5f-4b .kt-blocks-info-box-link-wrap{max-width:unset;}.kt-info-box40_87ff5f-4b .kt-blocks-info-box-link-wrap{border-top:5px solid #48b5dd;border-right:5px solid #48b5dd;border-bottom:5px solid #48b5dd;border-left:5px solid #48b5dd;border-top-left-radius:30px;border-top-right-radius:30px;border-bottom-right-radius:30px;border-bottom-left-radius:30px;background:#ffffff;padding-top:var(--global-kb-spacing-xs, 1rem);padding-right:var(--global-kb-spacing-xs, 1rem);padding-bottom:var(--global-kb-spacing-xs, 1rem);padding-left:var(--global-kb-spacing-xs, 1rem);}.kt-info-box40_87ff5f-4b .kadence-info-box-icon-container .kt-info-svg-icon, .kt-info-box40_87ff5f-4b .kt-info-svg-icon-flip, .kt-info-box40_87ff5f-4b .kt-blocks-info-box-number{font-size:50px;}.kt-info-box40_87ff5f-4b .kt-blocks-info-box-media{border-radius:200px;overflow:hidden;border-top-width:0px;border-right-width:0px;border-bottom-width:0px;border-left-width:0px;padding-top:20px;padding-right:20px;padding-bottom:20px;padding-left:20px;margin-top:0px;margin-right:20px;margin-bottom:0px;margin-left:0px;}.kt-info-box40_87ff5f-4b .kt-blocks-info-box-media .kadence-info-box-image-intrisic img{border-radius:200px;}.kt-info-box40_87ff5f-4b .kt-infobox-textcontent h2.kt-blocks-info-box-title{padding-top:0px;padding-right:0px;padding-bottom:0px;padding-left:0px;margin-top:5px;margin-right:0px;margin-bottom:10px;margin-left:0px;}.kt-info-box40_87ff5f-4b .kt-blocks-info-box-learnmore{background:transparent;border-width:0px 0px 0px 0px;padding-top:4px;padding-right:8px;padding-bottom:4px;padding-left:8px;margin-top:10px;margin-right:0px;margin-bottom:10px;margin-left:0px;}@media all and (max-width: 1024px){.kt-info-box40_87ff5f-4b .kt-blocks-info-box-link-wrap{border-top:5px solid #48b5dd;border-right:5px solid #48b5dd;border-bottom:5px solid #48b5dd;border-left:5px solid #48b5dd;}}@media all and (max-width: 767px){.kt-info-box40_87ff5f-4b .kt-blocks-info-box-link-wrap{border-top:5px solid #48b5dd;border-right:5px solid #48b5dd;border-bottom:5px solid #48b5dd;border-left:5px solid #48b5dd;}}<\/style>\n<div class=\"wp-block-kadence-infobox kt-info-box40_87ff5f-4b\"><span class=\"kt-blocks-info-box-link-wrap info-box-link kt-blocks-info-box-media-align-left kt-info-halign-left\"><div class=\"kt-blocks-info-box-media-container\"><div class=\"kt-blocks-info-box-media kt-info-media-animate-none\"><div class=\"kadence-info-box-icon-container kt-info-icon-animate-none\"><div class=\"kadence-info-box-icon-inner-container\"><span class=\"kb-svg-icon-wrap kb-svg-icon-fe_mail kt-info-svg-icon\"><svg viewBox=\"0 0 24 24\"  fill=\"none\" stroke=\"currentColor\" stroke-width=\"2\" stroke-linecap=\"round\" stroke-linejoin=\"round\" xmlns=\"http:\/\/www.w3.org\/2000\/svg\"  aria-hidden=\"true\"><path d=\"M4 4h16c1.1 0 2 .9 2 2v12c0 1.1-.9 2-2 2H4c-1.1 0-2-.9-2-2V6c0-1.1.9-2 2-2z\"\/><polyline points=\"22,6 12,13 2,6\"\/><\/svg><\/span><\/div><\/div><\/div><\/div><div class=\"kt-infobox-textcontent\"><h2 class=\"kt-blocks-info-box-title\">Mail<\/h2><p class=\"kt-blocks-info-box-text\">sophie@altura-gestion.fr<\/p><\/div><\/span><\/div>\n<\/div><\/div>\n\n\n<style>.kadence-column40_3ccc2f-ad > .kt-inside-inner-col,.kadence-column40_3ccc2f-ad > .kt-inside-inner-col:before{border-top-left-radius:0px;border-top-right-radius:0px;border-bottom-right-radius:0px;border-bottom-left-radius:0px;}.kadence-column40_3ccc2f-ad > .kt-inside-inner-col{column-gap:var(--global-kb-gap-sm, 1rem);}.kadence-column40_3ccc2f-ad > .kt-inside-inner-col{flex-direction:column;}.kadence-column40_3ccc2f-ad > .kt-inside-inner-col > .aligncenter{width:100%;}.kadence-column40_3ccc2f-ad > .kt-inside-inner-col:before{opacity:0.3;}.kadence-column40_3ccc2f-ad{position:relative;}@media all and (max-width: 1024px){.kadence-column40_3ccc2f-ad > .kt-inside-inner-col{flex-direction:column;justify-content:center;}}@media all and (max-width: 767px){.kadence-column40_3ccc2f-ad > .kt-inside-inner-col{flex-direction:column;justify-content:center;}}<\/style>\n<div class=\"wp-block-kadence-column kadence-column40_3ccc2f-ad\"><div class=\"kt-inside-inner-col\"><style>.wp-block-kadence-column.kb-section-dir-horizontal > .kt-inside-inner-col > .kt-info-box40_160ce5-11{max-width:1071px;}.wp-block-kadence-column.kb-section-dir-horizontal > .kt-inside-inner-col > .kt-info-box40_160ce5-11 .kt-blocks-info-box-link-wrap{max-width:unset;}.kt-info-box40_160ce5-11 .kt-blocks-info-box-link-wrap{border-top:5px solid #48b5dd;border-right:5px solid #48b5dd;border-bottom:5px solid #48b5dd;border-left:5px solid #48b5dd;border-top-left-radius:30px;border-top-right-radius:30px;border-bottom-right-radius:30px;border-bottom-left-radius:30px;background:#ffffff;max-width:1071px;padding-top:var(--global-kb-spacing-xs, 1rem);padding-right:var(--global-kb-spacing-xs, 1rem);padding-bottom:var(--global-kb-spacing-xs, 1rem);padding-left:var(--global-kb-spacing-xs, 1rem);}.kt-info-box40_160ce5-11 .kadence-info-box-icon-container .kt-info-svg-icon, .kt-info-box40_160ce5-11 .kt-info-svg-icon-flip, .kt-info-box40_160ce5-11 .kt-blocks-info-box-number{font-size:50px;}.kt-info-box40_160ce5-11 .kt-blocks-info-box-media{border-radius:200px;overflow:hidden;border-top-width:0px;border-right-width:0px;border-bottom-width:0px;border-left-width:0px;padding-top:20px;padding-right:20px;padding-bottom:20px;padding-left:20px;margin-top:0px;margin-right:20px;margin-bottom:0px;margin-left:0px;}.kt-info-box40_160ce5-11 .kt-blocks-info-box-media .kadence-info-box-image-intrisic img{border-radius:200px;}.kt-info-box40_160ce5-11 .kt-infobox-textcontent h2.kt-blocks-info-box-title{padding-top:0px;padding-right:0px;padding-bottom:0px;padding-left:0px;margin-top:5px;margin-right:0px;margin-bottom:10px;margin-left:0px;}.kt-info-box40_160ce5-11 .kt-blocks-info-box-learnmore{background:transparent;border-width:0px 0px 0px 0px;padding-top:4px;padding-right:8px;padding-bottom:4px;padding-left:8px;margin-top:10px;margin-right:0px;margin-bottom:10px;margin-left:0px;}@media all and (max-width: 1024px){.kt-info-box40_160ce5-11 .kt-blocks-info-box-link-wrap{border-top:5px solid #48b5dd;border-right:5px solid #48b5dd;border-bottom:5px solid #48b5dd;border-left:5px solid #48b5dd;}}@media all and (max-width: 767px){.kt-info-box40_160ce5-11 .kt-blocks-info-box-link-wrap{border-top:5px solid #48b5dd;border-right:5px solid #48b5dd;border-bottom:5px solid #48b5dd;border-left:5px solid #48b5dd;}}<\/style>\n<div class=\"wp-block-kadence-infobox kt-info-box40_160ce5-11\"><span class=\"kt-blocks-info-box-link-wrap info-box-link kt-blocks-info-box-media-align-left kt-info-halign-left\"><div class=\"kt-blocks-info-box-media-container\"><div class=\"kt-blocks-info-box-media kt-info-media-animate-none\"><div class=\"kadence-info-box-icon-container kt-info-icon-animate-none\"><div class=\"kadence-info-box-icon-inner-container\"><span class=\"kb-svg-icon-wrap kb-svg-icon-fe_phone kt-info-svg-icon\"><svg viewBox=\"0 0 24 24\"  fill=\"none\" stroke=\"currentColor\" stroke-width=\"2\" stroke-linecap=\"round\" stroke-linejoin=\"round\" xmlns=\"http:\/\/www.w3.org\/2000\/svg\"  aria-hidden=\"true\"><path d=\"M22 16.92v3a2 2 0 0 1-2.18 2 19.79 19.79 0 0 1-8.63-3.07 19.5 19.5 0 0 1-6-6 19.79 19.79 0 0 1-3.07-8.67A2 2 0 0 1 4.11 2h3a2 2 0 0 1 2 1.72 12.84 12.84 0 0 0 .7 2.81 2 2 0 0 1-.45 2.11L8.09 9.91a16 16 0 0 0 6 6l1.27-1.27a2 2 0 0 1 2.11-.45 12.84 12.84 0 0 0 2.81.7A2 2 0 0 1 22 16.92z\"\/><\/svg><\/span><\/div><\/div><\/div><\/div><div class=\"kt-infobox-textcontent\"><h2 class=\"kt-blocks-info-box-title\">T\u00e9l\u00e9phone<\/h2><p class=\"kt-blocks-info-box-text\">06 46 63 32 34<\/p><\/div><\/span><\/div>\n<\/div><\/div>\n\n<\/div><\/div>\n\n<style>.wp-block-kadence-column.kb-section-dir-horizontal > .kt-inside-inner-col > .kt-info-box40_987cf6-53{max-width:700px;}.wp-block-kadence-column.kb-section-dir-horizontal > .kt-inside-inner-col > .kt-info-box40_987cf6-53 .kt-blocks-info-box-link-wrap{max-width:unset;}.kt-info-box40_987cf6-53 .kt-blocks-info-box-link-wrap{border-top:5px solid #48b5dd;border-right:5px solid #48b5dd;border-bottom:5px solid #48b5dd;border-left:5px solid #48b5dd;border-top-left-radius:30px;border-top-right-radius:30px;border-bottom-right-radius:30px;border-bottom-left-radius:30px;background:#ffffff;max-width:700px;padding-top:var(--global-kb-spacing-xs, 1rem);padding-right:var(--global-kb-spacing-xs, 1rem);padding-bottom:var(--global-kb-spacing-xs, 1rem);padding-left:var(--global-kb-spacing-xs, 1rem);}.kt-info-box40_987cf6-53 .kadence-info-box-icon-container .kt-info-svg-icon, .kt-info-box40_987cf6-53 .kt-info-svg-icon-flip, .kt-info-box40_987cf6-53 .kt-blocks-info-box-number{font-size:50px;}.kt-info-box40_987cf6-53 .kt-blocks-info-box-media{border-radius:200px;overflow:hidden;border-top-width:0px;border-right-width:0px;border-bottom-width:0px;border-left-width:0px;padding-top:20px;padding-right:20px;padding-bottom:20px;padding-left:20px;margin-top:0px;margin-right:20px;margin-bottom:0px;margin-left:0px;}.kt-info-box40_987cf6-53 .kt-blocks-info-box-media .kadence-info-box-image-intrisic img{border-radius:200px;}.kt-info-box40_987cf6-53 .kt-infobox-textcontent h2.kt-blocks-info-box-title{padding-top:0px;padding-right:0px;padding-bottom:0px;padding-left:0px;margin-top:5px;margin-right:0px;margin-bottom:10px;margin-left:0px;}.kt-info-box40_987cf6-53 .kt-blocks-info-box-learnmore{background:transparent;border-width:0px 0px 0px 0px;padding-top:4px;padding-right:8px;padding-bottom:4px;padding-left:8px;margin-top:10px;margin-right:0px;margin-bottom:10px;margin-left:0px;}@media all and (max-width: 1024px){.kt-info-box40_987cf6-53 .kt-blocks-info-box-link-wrap{border-top:5px solid #48b5dd;border-right:5px solid #48b5dd;border-bottom:5px solid #48b5dd;border-left:5px solid #48b5dd;}}@media all and (max-width: 767px){.kt-info-box40_987cf6-53 .kt-blocks-info-box-link-wrap{border-top:5px solid #48b5dd;border-right:5px solid #48b5dd;border-bottom:5px solid #48b5dd;border-left:5px solid #48b5dd;}}<\/style>\n<div class=\"wp-block-kadence-infobox kt-info-box40_987cf6-53\"><span class=\"kt-blocks-info-box-link-wrap info-box-link kt-blocks-info-box-media-align-left kt-info-halign-left\"><div class=\"kt-blocks-info-box-media-container\"><div class=\"kt-blocks-info-box-media kt-info-media-animate-none\"><div class=\"kadence-info-box-icon-container kt-info-icon-animate-none\"><div class=\"kadence-info-box-icon-inner-container\"><span class=\"kb-svg-icon-wrap kb-svg-icon-fe_clock kt-info-svg-icon\"><svg viewBox=\"0 0 24 24\"  fill=\"none\" stroke=\"currentColor\" stroke-width=\"2\" stroke-linecap=\"round\" stroke-linejoin=\"round\" xmlns=\"http:\/\/www.w3.org\/2000\/svg\"  aria-hidden=\"true\"><circle cx=\"12\" cy=\"12\" r=\"10\"\/><polyline points=\"12 6 12 12 16 14\"\/><\/svg><\/span><\/div><\/div><\/div><\/div><div class=\"kt-infobox-textcontent\"><h2 class=\"kt-blocks-info-box-title\">Nous sommes joignables<\/h2><p class=\"kt-blocks-info-box-text\">24h\/24<\/p><\/div><\/span><\/div>\n\n\n<style>.wp-block-kadence-spacer.kt-block-spacer-40_2d9c1f-6c .kt-block-spacer{height:40px;}.wp-block-kadence-spacer.kt-block-spacer-40_2d9c1f-6c .kt-divider{border-top-width:1px;height:1px;border-top-color:var(--global-palette9, #ffffff);width:80%;border-top-style:dashed;}<\/style>\n<div class=\"wp-block-kadence-spacer aligncenter kt-block-spacer-40_2d9c1f-6c\"><div class=\"kt-block-spacer kt-block-spacer-halign-center\"><hr class=\"kt-divider\"\/><\/div><\/div>\n\n\n<style>.kadence-form-40_f4a8c0-1c .kb-form .kadence-blocks-form-field .kb-forms-submit{border-radius:8px;border-width:1px 1px 1px 1px;background:#48b5dd;border-color:var(--global-palette3, #1A202C);}.kadence-form-40_f4a8c0-1c .kadence-blocks-form-success{color:#38b91f;}.kadence-form-40_f4a8c0-1c .kadence-blocks-form-warning{color:#f00c0c;}.kb-form input.kadence-blocks-field.verify{opacity:0.0;position:absolute;top:0.0;left:0.0;width:0.0;height:0.0;z-index:-1;}<\/style>\n<div class=\"wp-block-kadence-form kadence-form-40_f4a8c0-1c kb-form-wrap\"><form class=\"kb-form\" action=\"\" method=\"post\" data-error-message=\"Veuillez remplir tous les champs suffix\u00e9s d'un ast\u00e9rix\"><div class=\"kadence-blocks-form-field kb-field-desk-width-75 kb-input-size-standard\"><label for=\"kb_field_40_f4a8c0-1c_0\">Nom<span class=\"required\">*<\/span><\/label><input name=\"kb_field_0\" id=\"kb_field_40_f4a8c0-1c_0\" data-label=\"Nom\" type=\"text\" placeholder=\"\" value=\"\" data-type=\"text\" class=\"kb-field kb-text-style-field kb-text-field kb-field-0\" data-required=\"yes\" data-required-message=\"Veuillez saisir votre nom.\"\/><\/div><div class=\"kadence-blocks-form-field kb-form-field-1 kb-field-desk-width-75 kb-input-size-standard\"><label for=\"kb_field_40_f4a8c0-1c_1\">Pr\u00e9nom<span class=\"required\">*<\/span><\/label><input name=\"kb_field_1\" id=\"kb_field_40_f4a8c0-1c_1\" data-label=\"Pr\u00e9nom\" type=\"text\" placeholder=\"\" value=\"\" data-type=\"text\" class=\"kb-field kb-text-style-field kb-text-field kb-field-1\" data-required=\"yes\" data-required-message=\"Veuillez saisir votre pr\u00e9nom.\"\/><\/div><div class=\"kadence-blocks-form-field kb-form-field-2 kb-field-desk-width-75 kb-input-size-standard\"><label for=\"kb_field_40_f4a8c0-1c_2\">Votre Email<span class=\"required\">*<\/span><\/label><input name=\"kb_field_2\" id=\"kb_field_40_f4a8c0-1c_2\" data-label=\"Votre Email\" type=\"email\" placeholder=\"\" value=\"\" data-type=\"email\" class=\"kb-field kb-text-style-field kb-email-field kb-field-2\" data-required=\"yes\" data-required-message=\"Veuillez pr\u00e9ciser votre adresse mail.\" data-validation-message=\"Le format de l'adresse n'est pas valide.\"\/><\/div><div class=\"kadence-blocks-form-field kb-form-field-3 kb-field-desk-width-75 kb-input-size-standard\"><label for=\"kb_field_40_f4a8c0-1c_3\">Num\u00e9ro de t\u00e9l\u00e9phone<span class=\"required\">*<\/span><\/label><input name=\"kb_field_3\" id=\"kb_field_40_f4a8c0-1c_3\" data-label=\"Num\u00e9ro de t\u00e9l\u00e9phone\" type=\"tel\" placeholder=\"\" value=\"\" data-type=\"tel\" class=\"kb-field kb-text-style-field kb-tel-field kb-field-3\" data-required=\"yes\" data-required-message=\"Le num\u00e9ro de t\u00e9l\u00e9phone est requis.\" data-validation-message=\"Le format du num\u00e9ro de t\u00e9l\u00e9phone n'est pas valide.\"\/><\/div><div class=\"kadence-blocks-form-field kb-form-field-4 kb-field-desk-width-75 kb-input-size-standard\"><label for=\"kb_field_40_f4a8c0-1c_4\">Objet<span class=\"required\">*<\/span><\/label><input name=\"kb_field_4\" id=\"kb_field_40_f4a8c0-1c_4\" data-label=\"Objet\" type=\"text\" placeholder=\"\" value=\"\" data-type=\"text\" class=\"kb-field kb-text-style-field kb-text-field kb-field-4\" data-required=\"yes\" data-required-message=\"Veuillez saisir l'objet de votre demande.\"\/><\/div><div class=\"kadence-blocks-form-field kb-form-field-5 kb-field-desk-width-75 kb-input-size-standard\"><label for=\"kb_field_40_f4a8c0-1c_5\">Vous-\u00eates :<span class=\"required\">*<\/span><\/label><select name=\"kb_field_5\" id=\"kb_field_40_f4a8c0-1c_5\" data-label=\"Vous-\u00eates :\" type=\"select\" value=\"\" data-type=\"select\" class=\"kb-field kb-select-style-field kb-select-field kb-field-5\" data-required=\"yes\"><option value=\"Propri\u00e9taire\">Propri\u00e9taire<\/option><option value=\"Locataire\">Locataire<\/option><\/select><\/div><div class=\"kadence-blocks-form-field kb-form-field-6 kb-field-desk-width-100 kb-input-size-standard\"><label for=\"kb_field_40_f4a8c0-1c_6\">Message<span class=\"required\">*<\/span><\/label><textarea name=\"kb_field_6\" id=\"kb_field_40_f4a8c0-1c_6\" data-label=\"Message\" type=\"textarea\" placeholder=\"\" data-type=\"textarea\" class=\"kb-field kb-text-style-field kb-textarea-field kb-field-6\" rows=\"4\" data-required=\"yes\" data-required-message=\"Veuillez saisir votre message.\"><\/textarea><\/div><input type=\"hidden\" name=\"_kb_form_id\" value=\"40_f4a8c0-1c\"\/><input type=\"hidden\" name=\"_kb_form_post_id\" value=\"40\"\/><input type=\"hidden\" name=\"action\" value=\"kb_process_ajax_submit\"\/><label class=\"kadence-verify-label\">Email<input class=\"kadence-blocks-field verify\" type=\"text\" name=\"_kb_verify_email\" autocomplete=\"new-password\" aria-hidden=\"true\" placeholder=\"Email\" tabindex=\"-1\" data-1p-ignore=\"true\" data-lpignore=\"true\" \/><\/label><div class=\"kadence-blocks-form-field kb-submit-field kb-field-desk-width-100\"><button class=\"kb-forms-submit button kb-button-size-standard kb-button-width-auto\">Envoyer<\/button><\/div><\/form><\/div>\n<noscript><div class=\"kadence-blocks-form-message kadence-blocks-form-warning\">Veuillez activer JavaScript dans votre navigateur pour envoyer le formulaire.<\/div><style>.kadence-form-40_f4a8c0-1c .kadence-blocks-form-field.kb-submit-field { display: none; }<\/style><\/noscript>","protected":false},"excerpt":{"rendered":"<p>Une question sur la mise en location de votre bien ? Ou sur la gestion locative ? Altura Gestion r\u00e9pond \u00e0 toutes vos demandes !<\/p>\n","protected":false},"author":1,"featured_media":0,"parent":0,"menu_order":0,"comment_status":"closed","ping_status":"closed","template":"","meta":{"_eb_attr":"","_kad_post_transparent":"","_kad_post_title":"hide","_kad_post_layout":"normal","_kad_post_sidebar_id":"","_kad_post_content_style":"unboxed","_kad_post_vertical_padding":"default","_kad_post_feature":"","_kad_post_feature_position":"","_kad_post_header":false,"_kad_post_footer":false,"_advanced_animation_props":"{\"animations\":{\"fade-in\":{\"id\":\"fade-in\",\"name\":\"fade in\",\"keyframes\":{\"0%\":{\"transform\":{},\"opacity\":\"0%\"},\"100%\":{\"transform\":{},\"opacity\":\"100%\"}}},\"fade-in-left\":{\"id\":\"fade-in-left\",\"name\":\"fade in left\",\"keyframes\":{\"0%\":{\"transform\":{\"translateX\":\"50px\"},\"opacity\":\"0%\"},\"100%\":{\"transform\":{\"translateX\":\"0px\"},\"opacity\":\"100%\"}}},\"fade-in-right\":{\"id\":\"fade-in-right\",\"name\":\"fade in right\",\"keyframes\":{\"0%\":{\"transform\":{\"translateX\":\"-50px\"},\"opacity\":\"0%\"},\"100%\":{\"transform\":{\"translateX\":\"0px\"},\"opacity\":\"100%\"}}},\"fade-in-top\":{\"id\":\"fade-in-top\",\"name\":\"fade in top\",\"keyframes\":{\"0%\":{\"transform\":{\"translateY\":\"50px\"},\"opacity\":\"0%\"},\"100%\":{\"transform\":{\"translateY\":\"0px\"},\"opacity\":\"100%\"}}},\"fade-in-down\":{\"id\":\"fade-in-down\",\"name\":\"fade in down\",\"keyframes\":{\"0%\":{\"transform\":{\"translateY\":\"-50px\"},\"opacity\":\"0%\"},\"100%\":{\"transform\":{\"translateY\":\"0px\"},\"opacity\":\"100%\"}}},\"zoom-in\":{\"id\":\"zoom-in\",\"name\":\"zoom in\",\"keyframes\":{\"0%\":{\"transform\":{\"scale\":\"70%\"},\"opacity\":\"0%\"},\"100%\":{\"transform\":{\"scale\":\"100%\"},\"opacity\":\"100%\"}}},\"zoom-out\":{\"id\":\"zoom-out\",\"name\":\"zoom out\",\"keyframes\":{\"0%\":{\"transform\":{\"scale\":\"130%\"},\"opacity\":\"0%\"},\"100%\":{\"transform\":{\"scale\":\"100%\"},\"opacity\":\"100%\"}}},\"scale-up\":{\"id\":\"scale-up\",\"name\":\"scale up\",\"keyframes\":{\"0%\":{\"transform\":{\"scale\":\"100%\"}},\"100%\":{\"transform\":{\"scale\":\"120%\"}}}},\"scale-down\":{\"id\":\"scale-down\",\"name\":\"scale down\",\"keyframes\":{\"0%\":{\"transform\":{\"scale\":\"100%\"}},\"100%\":{\"transform\":{\"scale\":\"80%\"}}}},\"clip-from-left\":{\"id\":\"clip-from-left\",\"name\":\"reveal from left\",\"keyframes\":{\"0%\":{\"clip-path\":\"inset(0% 100% 0% 0%)\"},\"100%\":{\"clip-path\":\"inset(0% 0% 0% 0%)\"}}},\"clip-from-right\":{\"id\":\"clip-from-right\",\"name\":\"reveal from right\",\"keyframes\":{\"0%\":{\"clip-path\":\"inset(0% 0% 0% 100%)\"},\"100%\":{\"clip-path\":\"inset(0% 0% 0% 0%)\"}}},\"clip-from-top\":{\"id\":\"clip-from-top\",\"name\":\"reveal from top\",\"keyframes\":{\"0%\":{\"clip-path\":\"inset(0% 0% 100% 0%)\"},\"100%\":{\"clip-path\":\"inset(0% 0% 0% 0%)\"}}},\"clip-from-bottom\":{\"id\":\"clip-from-bottom\",\"name\":\"reveal from bottom\",\"keyframes\":{\"0%\":{\"clip-path\":\"inset(100% 0% 0% 0%)\"},\"100%\":{\"clip-path\":\"inset(0% 0% 0% 0%)\"}}},\"text-rotate-intro\":{\"id\":\"text-rotate-intro\",\"name\":\"text rotate intro\",\"keyframes\":{\"0%\":{\"transform\":{\"rotate\":\"-10deg\",\"rotateX\":\"75deg\",\"rotateY\":\"0deg\"},\"opacity\":\"0%\"},\"100%\":{\"transform\":{\"rotate\":\"0deg\",\"rotateX\":\"0deg\",\"rotateY\":\"0deg\"},\"opacity\":\"100%\"}}},\"zoom-rotate\":{\"id\":\"zoom-rotate\",\"name\":\"zoom rotate\",\"keyframes\":{\"0%\":{\"transform\":{\"rotate\":\"180deg\",\"scale\":\"50%\"},\"opacity\":\"0%\"},\"100%\":{\"transform\":{\"rotate\":\"0deg\",\"scale\":\"100%\"},\"opacity\":\"100%\"}}},\"move-up\":{\"id\":\"move-up\",\"name\":\"move up\",\"keyframes\":{\"0%\":{\"transform\":{\"translateY\":\"100%\"}},\"100%\":{\"transform\":{\"translateY\":\"0%\"}}}},\"move-down\":{\"id\":\"move-down\",\"name\":\"move down\",\"keyframes\":{\"0%\":{\"transform\":{\"translateY\":\"-100-%\"}},\"100%\":{\"transform\":{\"translateY\":\"0%\"}}}},\"video-app-intro\":{\"id\":\"video-app-intro\",\"name\":\"video app intro\",\"keyframes\":{\"0%\":{\"transform\":{\"translateX\":\"-300px\",\"scale\":\"300%\",\"rotate\":\"90deg\"}},\"50%\":{\"transform\":{\"translateX\":\"-300px\",\"scale\":\"100%\",\"rotate\":\"0deg\"}},\"100%\":{\"transform\":{\"translateX\":\"0px\",\"scale\":\"100%\",\"rotate\":\"0deg\"}}}}},\"settings\":{\"3df4c582-cfe6-485e-affb-3a38aa36604b\":{\"fade-in-top\":{\"selector\":true,\"triggerType\":\"onVisible\",\"triggerTarget\":[],\"triggerOnce\":true,\"reverseTarget\":[],\"easing\":\"ease-in-out\",\"duration\":1,\"delay\":0,\"iterationCount\":1,\"direction\":\"normal\"}},\"c5eac93d-27cb-4f29-ae1d-ed3f546f1bfd\":{\"fade-in-top\":{\"selector\":true,\"triggerType\":\"onVisible\",\"triggerTarget\":[],\"triggerOnce\":true,\"reverseTarget\":[],\"easing\":\"ease-in-out\",\"duration\":1,\"delay\":0,\"iterationCount\":1,\"direction\":\"normal\"}},\"095107e5-681f-4193-ae80-1a52e7dfc991\":{\"fade-in-top\":{\"selector\":true,\"triggerType\":\"onVisible\",\"triggerTarget\":[],\"triggerOnce\":true,\"reverseTarget\":[],\"easing\":\"ease-in-out\",\"duration\":1,\"delay\":0,\"iterationCount\":1,\"direction\":\"normal\"}}}}","_advanced_custom_css":"","footnotes":""},"class_list":["post-40","page","type-page","status-publish","hentry"],"_links":{"self":[{"href":"https:\/\/altura-gestion.fr\/index.php\/wp-json\/wp\/v2\/pages\/40","targetHints":{"allow":["GET"]}}],"collection":[{"href":"https:\/\/altura-gestion.fr\/index.php\/wp-json\/wp\/v2\/pages"}],"about":[{"href":"https:\/\/altura-gestion.fr\/index.php\/wp-json\/wp\/v2\/types\/page"}],"author":[{"embeddable":true,"href":"https:\/\/altura-gestion.fr\/index.php\/wp-json\/wp\/v2\/users\/1"}],"replies":[{"embeddable":true,"href":"https:\/\/altura-gestion.fr\/index.php\/wp-json\/wp\/v2\/comments?post=40"}],"version-history":[{"count":39,"href":"https:\/\/altura-gestion.fr\/index.php\/wp-json\/wp\/v2\/pages\/40\/revisions"}],"predecessor-version":[{"id":741,"href":"https:\/\/altura-gestion.fr\/index.php\/wp-json\/wp\/v2\/pages\/40\/revisions\/741"}],"wp:attachment":[{"href":"https:\/\/altura-gestion.fr\/index.php\/wp-json\/wp\/v2\/media?parent=40"}],"curies":[{"name":"wp","href":"https:\/\/api.w.org\/{rel}","templated":true}]}}