{"id":36,"date":"2024-03-01T10:21:08","date_gmt":"2024-03-01T09:21:08","guid":{"rendered":"https:\/\/altura-gestion.fr\/?page_id=36"},"modified":"2025-09-25T12:44:25","modified_gmt":"2025-09-25T10:44:25","slug":"accueil","status":"publish","type":"page","link":"https:\/\/altura-gestion.fr\/","title":{"rendered":"Accueil"},"content":{"rendered":"\n<div class=\"wp-block-cover alignfull animation-ab298e54-d2ca-4691-980d-ff6b24bd67a1\"><img fetchpriority=\"high\" decoding=\"async\" width=\"1598\" height=\"798\" class=\"wp-block-cover__image-background wp-image-548\" alt=\"\" src=\"http:\/\/altura-gestion.fr\/wp-content\/uploads\/2024\/03\/Capture-decran-2024-03-14-a-13.56.52.png\" style=\"object-position:50% 50%\" data-object-fit=\"cover\" data-object-position=\"50% 50%\" srcset=\"https:\/\/altura-gestion.fr\/wp-content\/uploads\/2024\/03\/Capture-decran-2024-03-14-a-13.56.52.png 1598w, https:\/\/altura-gestion.fr\/wp-content\/uploads\/2024\/03\/Capture-decran-2024-03-14-a-13.56.52-300x150.png 300w, https:\/\/altura-gestion.fr\/wp-content\/uploads\/2024\/03\/Capture-decran-2024-03-14-a-13.56.52-1024x511.png 1024w, https:\/\/altura-gestion.fr\/wp-content\/uploads\/2024\/03\/Capture-decran-2024-03-14-a-13.56.52-768x384.png 768w, https:\/\/altura-gestion.fr\/wp-content\/uploads\/2024\/03\/Capture-decran-2024-03-14-a-13.56.52-1536x767.png 1536w\" sizes=\"(max-width: 1598px) 100vw, 1598px\" \/><span aria-hidden=\"true\" class=\"wp-block-cover__background has-background-dim-0 has-background-dim\"><\/span><div class=\"wp-block-cover__inner-container is-layout-constrained wp-block-cover-is-layout-constrained\">\n<p class=\"has-text-align-center has-large-font-size\"><\/p>\n<\/div><\/div>\n\n\n\n<div style=\"height:40px\" aria-hidden=\"true\" class=\"wp-block-spacer\"><\/div>\n\n\n\n<div class=\"wp-block-group\"><div class=\"wp-block-group__inner-container is-layout-constrained wp-block-group-is-layout-constrained\">\n<div class=\"wp-block-essential-blocks-advanced-heading  root-eb-advance-heading-rsx5q\"><div class=\"eb-parent-wrapper eb-parent-eb-advance-heading-rsx5q \"><div class=\"eb-advance-heading-wrapper eb-advance-heading-rsx5q preset-0 undefined\" data-id=\"eb-advance-heading-rsx5q\"><h2 class=\"eb-ah-title\"><span class=\"first-title\"><strong>Nos diff\u00e9rentes prestations :  <\/strong><\/span><\/h2><\/div><\/div><\/div>\n\n\n\n<div style=\"height:40px\" aria-hidden=\"true\" class=\"wp-block-spacer\"><\/div>\n\n\n\n<div class=\"wp-block-essential-blocks-dual-button  root-eb-button-group-pxjqr animation-a945a700-05bb-4cdc-8f31-b923a9d90922\"><div class=\"eb-parent-wrapper eb-parent-eb-button-group-pxjqr \"><div class=\"eb-button-group-wrapper eb-button-group-pxjqr preset-2\" data-id=\"eb-button-group-pxjqr\"><div class=\"eb-button-inner-wrapper \"><a class=\"eb-button-anchor eb-button-one \" href=\"https:\/\/altura-gestion.fr\/index.php\/tarifs\/\" rel=\"noopener\"><div class=\"eb-button-text eb-button-one-text\">Location<\/div><\/a><\/div><div class=\"eb-button-inner-wrapper \"><a class=\"eb-button-anchor eb-button-two \" href=\"https:\/\/altura-gestion.fr\/index.php\/gestion-locative\/\" rel=\"noopener\"><div class=\"eb-button-text eb-button-two-text\">Gestion<\/div><\/a><\/div><\/div><\/div><\/div>\n<\/div><\/div>\n\n\n\n<div style=\"height:50px\" aria-hidden=\"true\" class=\"wp-block-spacer\"><\/div>\n\n\n\n<div class=\"wp-block-group is-vertical is-layout-flex wp-container-core-group-is-layout-76a81b31 wp-block-group-is-layout-flex\">\n<div class=\"wp-block-media-text is-stacked-on-mobile wp-container-content-9cfa9a5a\" style=\"grid-template-columns:40% auto\"><figure class=\"wp-block-media-text__media\"><img decoding=\"async\" width=\"1015\" height=\"1024\" src=\"https:\/\/altura-gestion.fr\/wp-content\/uploads\/2024\/03\/Photo-1015x1024.jpg\" alt=\"\" class=\"wp-image-53 size-large\" srcset=\"https:\/\/altura-gestion.fr\/wp-content\/uploads\/2024\/03\/Photo-1015x1024.jpg 1015w, https:\/\/altura-gestion.fr\/wp-content\/uploads\/2024\/03\/Photo-297x300.jpg 297w, https:\/\/altura-gestion.fr\/wp-content\/uploads\/2024\/03\/Photo-150x150.jpg 150w, https:\/\/altura-gestion.fr\/wp-content\/uploads\/2024\/03\/Photo-768x775.jpg 768w, https:\/\/altura-gestion.fr\/wp-content\/uploads\/2024\/03\/Photo-1523x1536.jpg 1523w, https:\/\/altura-gestion.fr\/wp-content\/uploads\/2024\/03\/Photo-2031x2048.jpg 2031w\" sizes=\"(max-width: 1015px) 100vw, 1015px\" \/><\/figure><div class=\"wp-block-media-text__content\">\n<blockquote class=\"wp-block-quote is-style-default position-1214bbaf-7fd7-4a8f-9509-43956eb24cb8 is-layout-flow wp-block-quote-is-layout-flow\">\n<div class=\"wp-block-group\"><div class=\"wp-block-group__inner-container is-layout-constrained wp-block-group-is-layout-constrained\">\n<figure class=\"wp-block-pullquote has-text-color has-link-color wp-elements-24348e4acc2efbe7016e969b86a80a66\" style=\"color:#4a5569cf;font-size:12px\"><blockquote><p><em>Je suis Sophie GRYSON,&nbsp;et je suis ravie de vous accueillir sur le site d\u2019Altura Gestion.&nbsp;Forte d&rsquo;une exp\u00e9rience de plusieurs ann\u00e9es dans le domaine de l&rsquo;immobilier, mon parcours a d\u00e9but\u00e9 en 2016 au sein d&rsquo;agences immobili\u00e8res \u00e0 Lille, o\u00f9 j&rsquo;ai eu l&rsquo;opportunit\u00e9 d&rsquo;acqu\u00e9rir une expertise pr\u00e9cieuse.<\/em><br><br><em>C\u2019est avec passion et d\u00e9termination que j&rsquo;ai d\u00e9cid\u00e9 de fonder Altura Gestion, une entreprise qui me ressemble, sp\u00e9cialis\u00e9e dans la location et la gestion immobili\u00e8re. Que vous souhaitiez me confier la recherche d\u2019un locataire fiable ou la gestion de votre patrimoine&nbsp;immobilier, je suis l\u00e0 pour vous guider et vous conseiller.&nbsp;<\/em><br><br><em>Mon objectif est simple : vous offrir un service personnalis\u00e9, transparent et efficace, tout en simplifiant le processus immobilier.<\/em><\/p><\/blockquote><\/figure>\n<\/div><\/div>\n<\/blockquote>\n<\/div><\/div>\n<\/div>\n\n\n<style>.wp-block-kadence-spacer.kt-block-spacer-36_5a7fcb-ce .kt-block-spacer{height:40px;}.wp-block-kadence-spacer.kt-block-spacer-36_5a7fcb-ce .kt-divider{border-top-width:1px;height:1px;border-top-color:var(--global-palette9, #ffffff);width:80%;border-top-style:dashed;}<\/style>\n<div class=\"wp-block-kadence-spacer aligncenter kt-block-spacer-36_5a7fcb-ce\"><div class=\"kt-block-spacer kt-block-spacer-halign-center\"><hr class=\"kt-divider\"\/><\/div><\/div>\n\n\n<style>.kb-row-layout-id36_d8adc7-30 > .kt-row-column-wrap{align-content:start;}:where(.kb-row-layout-id36_d8adc7-30 > .kt-row-column-wrap) > .wp-block-kadence-column{justify-content:start;}.kb-row-layout-id36_d8adc7-30 > .kt-row-column-wrap{column-gap:var(--global-kb-gap-md, 2rem);row-gap:var(--global-kb-gap-md, 2rem);padding-top:var(--global-kb-spacing-sm, 1.5rem);padding-bottom:var(--global-kb-spacing-sm, 1.5rem);grid-template-columns:repeat(2, minmax(0, 1fr));}.kb-row-layout-id36_d8adc7-30 > .kt-row-layout-overlay{opacity:0.30;}@media all and (max-width: 1024px){.kb-row-layout-id36_d8adc7-30 > .kt-row-column-wrap{grid-template-columns:repeat(2, minmax(0, 1fr));}}@media all and (max-width: 767px){.kb-row-layout-id36_d8adc7-30 > .kt-row-column-wrap{grid-template-columns:minmax(0, 1fr);}}<\/style><div class=\"kb-row-layout-wrap kb-row-layout-id36_d8adc7-30 alignnone wp-block-kadence-rowlayout\"><div class=\"kt-row-column-wrap kt-has-2-columns kt-row-layout-equal kt-tab-layout-inherit kt-mobile-layout-row kt-row-valign-top\">\n<style>.kadence-column36_737801-83 > .kt-inside-inner-col,.kadence-column36_737801-83 > .kt-inside-inner-col:before{border-top-left-radius:0px;border-top-right-radius:0px;border-bottom-right-radius:0px;border-bottom-left-radius:0px;}.kadence-column36_737801-83 > .kt-inside-inner-col{column-gap:var(--global-kb-gap-sm, 1rem);}.kadence-column36_737801-83 > .kt-inside-inner-col{flex-direction:column;}.kadence-column36_737801-83 > .kt-inside-inner-col > .aligncenter{width:100%;}.kadence-column36_737801-83 > .kt-inside-inner-col:before{opacity:0.3;}.kadence-column36_737801-83{position:relative;}@media all and (max-width: 1024px){.kadence-column36_737801-83 > .kt-inside-inner-col{flex-direction:column;justify-content:center;}}@media all and (max-width: 767px){.kadence-column36_737801-83 > .kt-inside-inner-col{flex-direction:column;justify-content:center;}}<\/style>\n<div class=\"wp-block-kadence-column kadence-column36_737801-83\"><div class=\"kt-inside-inner-col\">\n<p class=\"has-text-align-center has-text-color has-link-color has-medium-font-size position-294cd1c9-6014-4611-9bd3-7e9e52af46a8 wp-elements-20a32b0facbe0526286afaa02c5cf56f\" style=\"color:#8a8a8a;font-style:normal;font-weight:400\">Pour suivre toute mon actualit\u00e9 sur les r\u00e9seaux sociaux : <\/p>\n<\/div><\/div>\n\n\n<style>.kadence-column36_d0fa87-60 > .kt-inside-inner-col{display:flex;}.kadence-column36_d0fa87-60 > .kt-inside-inner-col,.kadence-column36_d0fa87-60 > .kt-inside-inner-col:before{border-top-left-radius:0px;border-top-right-radius:0px;border-bottom-right-radius:0px;border-bottom-left-radius:0px;}.kadence-column36_d0fa87-60 > .kt-inside-inner-col{column-gap:var(--global-kb-gap-sm, 1rem);}.kadence-column36_d0fa87-60 > .kt-inside-inner-col{flex-direction:column;justify-content:center;align-items:stretch;}.kadence-column36_d0fa87-60 > .kt-inside-inner-col > .kb-image-is-ratio-size{align-self:stretch;}.kadence-column36_d0fa87-60 > .kt-inside-inner-col > .wp-block-kadence-advancedgallery{align-self:stretch;}.kadence-column36_d0fa87-60 > .kt-inside-inner-col > .aligncenter{width:100%;}.kt-row-column-wrap > .kadence-column36_d0fa87-60{align-self:center;}.kt-inner-column-height-full:not(.kt-has-1-columns) > .wp-block-kadence-column.kadence-column36_d0fa87-60{align-self:auto;}.kt-inner-column-height-full:not(.kt-has-1-columns) > .wp-block-kadence-column.kadence-column36_d0fa87-60 > .kt-inside-inner-col{flex-direction:column;justify-content:center;}.kadence-column36_d0fa87-60 > .kt-inside-inner-col:before{opacity:0.3;}.kadence-column36_d0fa87-60{position:relative;}@media all and (max-width: 1024px){.kt-row-column-wrap > .kadence-column36_d0fa87-60{align-self:center;}}@media all and (max-width: 1024px){.kt-inner-column-height-full:not(.kt-has-1-columns) > .wp-block-kadence-column.kadence-column36_d0fa87-60{align-self:auto;}}@media all and (max-width: 1024px){.kt-inner-column-height-full:not(.kt-has-1-columns) > .wp-block-kadence-column.kadence-column36_d0fa87-60 > .kt-inside-inner-col{flex-direction:column;justify-content:center;}}@media all and (max-width: 1024px){.kadence-column36_d0fa87-60 > .kt-inside-inner-col{flex-direction:column;justify-content:center;align-items:stretch;}}@media all and (max-width: 767px){.kt-row-column-wrap > .kadence-column36_d0fa87-60{align-self:center;}.kt-inner-column-height-full:not(.kt-has-1-columns) > .wp-block-kadence-column.kadence-column36_d0fa87-60{align-self:auto;}.kt-inner-column-height-full:not(.kt-has-1-columns) > .wp-block-kadence-column.kadence-column36_d0fa87-60 > .kt-inside-inner-col{flex-direction:column;justify-content:center;}.kadence-column36_d0fa87-60 > .kt-inside-inner-col{flex-direction:column;justify-content:center;align-items:stretch;}}<\/style>\n<div class=\"wp-block-kadence-column kadence-column36_d0fa87-60\"><div class=\"kt-inside-inner-col\">\n<ul class=\"wp-block-social-links aligncenter has-large-icon-size is-nowrap is-layout-flex wp-container-core-social-links-is-layout-ad2f72ca wp-block-social-links-is-layout-flex\"><li class=\"wp-social-link wp-social-link-instagram  wp-block-social-link\"><a rel=\"noopener nofollow\" target=\"_blank\" href=\"https:\/\/www.instagram.com\/alturagestion\/?igsh=eWR5YzkwenVjNDZm\" class=\"wp-block-social-link-anchor\"><svg width=\"24\" height=\"24\" viewBox=\"0 0 24 24\" version=\"1.1\" xmlns=\"http:\/\/www.w3.org\/2000\/svg\" aria-hidden=\"true\" focusable=\"false\"><path d=\"M12,4.622c2.403,0,2.688,0.009,3.637,0.052c0.877,0.04,1.354,0.187,1.671,0.31c0.42,0.163,0.72,0.358,1.035,0.673 c0.315,0.315,0.51,0.615,0.673,1.035c0.123,0.317,0.27,0.794,0.31,1.671c0.043,0.949,0.052,1.234,0.052,3.637 s-0.009,2.688-0.052,3.637c-0.04,0.877-0.187,1.354-0.31,1.671c-0.163,0.42-0.358,0.72-0.673,1.035 c-0.315,0.315-0.615,0.51-1.035,0.673c-0.317,0.123-0.794,0.27-1.671,0.31c-0.949,0.043-1.233,0.052-3.637,0.052 s-2.688-0.009-3.637-0.052c-0.877-0.04-1.354-0.187-1.671-0.31c-0.42-0.163-0.72-0.358-1.035-0.673 c-0.315-0.315-0.51-0.615-0.673-1.035c-0.123-0.317-0.27-0.794-0.31-1.671C4.631,14.688,4.622,14.403,4.622,12 s0.009-2.688,0.052-3.637c0.04-0.877,0.187-1.354,0.31-1.671c0.163-0.42,0.358-0.72,0.673-1.035 c0.315-0.315,0.615-0.51,1.035-0.673c0.317-0.123,0.794-0.27,1.671-0.31C9.312,4.631,9.597,4.622,12,4.622 M12,3 C9.556,3,9.249,3.01,8.289,3.054C7.331,3.098,6.677,3.25,6.105,3.472C5.513,3.702,5.011,4.01,4.511,4.511 c-0.5,0.5-0.808,1.002-1.038,1.594C3.25,6.677,3.098,7.331,3.054,8.289C3.01,9.249,3,9.556,3,12c0,2.444,0.01,2.751,0.054,3.711 c0.044,0.958,0.196,1.612,0.418,2.185c0.23,0.592,0.538,1.094,1.038,1.594c0.5,0.5,1.002,0.808,1.594,1.038 c0.572,0.222,1.227,0.375,2.185,0.418C9.249,20.99,9.556,21,12,21s2.751-0.01,3.711-0.054c0.958-0.044,1.612-0.196,2.185-0.418 c0.592-0.23,1.094-0.538,1.594-1.038c0.5-0.5,0.808-1.002,1.038-1.594c0.222-0.572,0.375-1.227,0.418-2.185 C20.99,14.751,21,14.444,21,12s-0.01-2.751-0.054-3.711c-0.044-0.958-0.196-1.612-0.418-2.185c-0.23-0.592-0.538-1.094-1.038-1.594 c-0.5-0.5-1.002-0.808-1.594-1.038c-0.572-0.222-1.227-0.375-2.185-0.418C14.751,3.01,14.444,3,12,3L12,3z M12,7.378 c-2.552,0-4.622,2.069-4.622,4.622S9.448,16.622,12,16.622s4.622-2.069,4.622-4.622S14.552,7.378,12,7.378z M12,15 c-1.657,0-3-1.343-3-3s1.343-3,3-3s3,1.343,3,3S13.657,15,12,15z M16.804,6.116c-0.596,0-1.08,0.484-1.08,1.08 s0.484,1.08,1.08,1.08c0.596,0,1.08-0.484,1.08-1.08S17.401,6.116,16.804,6.116z\"><\/path><\/svg><span class=\"wp-block-social-link-label screen-reader-text\">Instagram<\/span><\/a><\/li>\n\n<li class=\"wp-social-link wp-social-link-linkedin  wp-block-social-link\"><a rel=\"noopener nofollow\" target=\"_blank\" href=\"https:\/\/www.linkedin.com\/in\/sophie-gryson-18a06a112\/\" class=\"wp-block-social-link-anchor\"><svg width=\"24\" height=\"24\" viewBox=\"0 0 24 24\" version=\"1.1\" xmlns=\"http:\/\/www.w3.org\/2000\/svg\" aria-hidden=\"true\" focusable=\"false\"><path d=\"M19.7,3H4.3C3.582,3,3,3.582,3,4.3v15.4C3,20.418,3.582,21,4.3,21h15.4c0.718,0,1.3-0.582,1.3-1.3V4.3 C21,3.582,20.418,3,19.7,3z M8.339,18.338H5.667v-8.59h2.672V18.338z M7.004,8.574c-0.857,0-1.549-0.694-1.549-1.548 c0-0.855,0.691-1.548,1.549-1.548c0.854,0,1.547,0.694,1.547,1.548C8.551,7.881,7.858,8.574,7.004,8.574z M18.339,18.338h-2.669 v-4.177c0-0.996-0.017-2.278-1.387-2.278c-1.389,0-1.601,1.086-1.601,2.206v4.249h-2.667v-8.59h2.559v1.174h0.037 c0.356-0.675,1.227-1.387,2.526-1.387c2.703,0,3.203,1.779,3.203,4.092V18.338z\"><\/path><\/svg><span class=\"wp-block-social-link-label screen-reader-text\">LinkedIn<\/span><\/a><\/li>\n\n<li class=\"wp-social-link wp-social-link-facebook  wp-block-social-link\"><a rel=\"noopener nofollow\" target=\"_blank\" href=\"https:\/\/www.facebook.com\/profile.php?id=61559390066974\" class=\"wp-block-social-link-anchor\"><svg width=\"24\" height=\"24\" viewBox=\"0 0 24 24\" version=\"1.1\" xmlns=\"http:\/\/www.w3.org\/2000\/svg\" aria-hidden=\"true\" focusable=\"false\"><path d=\"M12 2C6.5 2 2 6.5 2 12c0 5 3.7 9.1 8.4 9.9v-7H7.9V12h2.5V9.8c0-2.5 1.5-3.9 3.8-3.9 1.1 0 2.2.2 2.2.2v2.5h-1.3c-1.2 0-1.6.8-1.6 1.6V12h2.8l-.4 2.9h-2.3v7C18.3 21.1 22 17 22 12c0-5.5-4.5-10-10-10z\"><\/path><\/svg><span class=\"wp-block-social-link-label screen-reader-text\">Facebook<\/span><\/a><\/li><\/ul>\n<\/div><\/div>\n\n<\/div><\/div>\n\n\n<figure class=\"wp-block-embed aligncenter is-type-rich is-provider-tiktok wp-block-embed-tiktok\"><div class=\"wp-block-embed__wrapper\">\n<blockquote class=\"tiktok-embed\" cite=\"https:\/\/www.tiktok.com\/@alturagestion\" data-unique-id=\"alturagestion\" data-embed-from=\"oembed\" data-embed-type=\"creator\" style=\"max-width:780px; min-width:288px;\"> <section> <a target=\"_blank\" href=\"https:\/\/www.tiktok.com\/@alturagestion?refer=creator_embed\">@alturagestion<\/a> <\/section> <\/blockquote> <script async src=\"https:\/\/www.tiktok.com\/embed.js\"><\/script>\n<\/div><\/figure>\n","protected":false},"excerpt":{"rendered":"<p>Je suis Sophie GRYSON,&nbsp;et je suis ravie de vous accueillir sur le site d\u2019Altura Gestion.&nbsp;Forte d&rsquo;une exp\u00e9rience de plusieurs ann\u00e9es dans le domaine de l&rsquo;immobilier, mon parcours a d\u00e9but\u00e9 en 2016 au sein d&rsquo;agences immobili\u00e8res \u00e0 Lille, o\u00f9 j&rsquo;ai eu l&rsquo;opportunit\u00e9 d&rsquo;acqu\u00e9rir une expertise pr\u00e9cieuse. C\u2019est avec passion et d\u00e9termination que j&rsquo;ai d\u00e9cid\u00e9 de fonder&#8230;<\/p>\n","protected":false},"author":2,"featured_media":749,"parent":0,"menu_order":0,"comment_status":"closed","ping_status":"closed","template":"","meta":{"_eb_attr":"","_kad_post_transparent":"","_kad_post_title":"hide","_kad_post_layout":"normal","_kad_post_sidebar_id":"","_kad_post_content_style":"unboxed","_kad_post_vertical_padding":"default","_kad_post_feature":"","_kad_post_feature_position":"","_kad_post_header":false,"_kad_post_footer":false,"_advanced_animation_props":"{\"animations\":{\"fade-in\":{\"id\":\"fade-in\",\"name\":\"fade in\",\"keyframes\":{\"0%\":{\"transform\":{},\"opacity\":\"0%\"},\"100%\":{\"transform\":{},\"opacity\":\"100%\"}}},\"fade-in-left\":{\"id\":\"fade-in-left\",\"name\":\"fade in left\",\"keyframes\":{\"0%\":{\"transform\":{\"translateX\":\"50px\"},\"opacity\":\"0%\"},\"100%\":{\"transform\":{\"translateX\":\"0px\"},\"opacity\":\"100%\"}}},\"fade-in-right\":{\"id\":\"fade-in-right\",\"name\":\"fade in right\",\"keyframes\":{\"0%\":{\"transform\":{\"translateX\":\"-50px\"},\"opacity\":\"0%\"},\"100%\":{\"transform\":{\"translateX\":\"0px\"},\"opacity\":\"100%\"}}},\"fade-in-top\":{\"id\":\"fade-in-top\",\"name\":\"fade in top\",\"keyframes\":{\"0%\":{\"transform\":{\"translateY\":\"50px\"},\"opacity\":\"0%\"},\"100%\":{\"transform\":{\"translateY\":\"0px\"},\"opacity\":\"100%\"}}},\"fade-in-down\":{\"id\":\"fade-in-down\",\"name\":\"fade in down\",\"keyframes\":{\"0%\":{\"transform\":{\"translateY\":\"-50px\"},\"opacity\":\"0%\"},\"100%\":{\"transform\":{\"translateY\":\"0px\"},\"opacity\":\"100%\"}}},\"zoom-in\":{\"id\":\"zoom-in\",\"name\":\"zoom in\",\"keyframes\":{\"0%\":{\"transform\":{\"scale\":\"70%\"},\"opacity\":\"0%\"},\"100%\":{\"transform\":{\"scale\":\"100%\"},\"opacity\":\"100%\"}}},\"zoom-out\":{\"id\":\"zoom-out\",\"name\":\"zoom out\",\"keyframes\":{\"0%\":{\"transform\":{\"scale\":\"130%\"},\"opacity\":\"0%\"},\"100%\":{\"transform\":{\"scale\":\"100%\"},\"opacity\":\"100%\"}}},\"scale-up\":{\"id\":\"scale-up\",\"name\":\"scale up\",\"keyframes\":{\"0%\":{\"transform\":{\"scale\":\"100%\"}},\"100%\":{\"transform\":{\"scale\":\"120%\"}}}},\"scale-down\":{\"id\":\"scale-down\",\"name\":\"scale down\",\"keyframes\":{\"0%\":{\"transform\":{\"scale\":\"100%\"}},\"100%\":{\"transform\":{\"scale\":\"80%\"}}}},\"clip-from-left\":{\"id\":\"clip-from-left\",\"name\":\"reveal from left\",\"keyframes\":{\"0%\":{\"clip-path\":\"inset(0% 100% 0% 0%)\"},\"100%\":{\"clip-path\":\"inset(0% 0% 0% 0%)\"}}},\"clip-from-right\":{\"id\":\"clip-from-right\",\"name\":\"reveal from right\",\"keyframes\":{\"0%\":{\"clip-path\":\"inset(0% 0% 0% 100%)\"},\"100%\":{\"clip-path\":\"inset(0% 0% 0% 0%)\"}}},\"clip-from-top\":{\"id\":\"clip-from-top\",\"name\":\"reveal from top\",\"keyframes\":{\"0%\":{\"clip-path\":\"inset(0% 0% 100% 0%)\"},\"100%\":{\"clip-path\":\"inset(0% 0% 0% 0%)\"}}},\"clip-from-bottom\":{\"id\":\"clip-from-bottom\",\"name\":\"reveal from bottom\",\"keyframes\":{\"0%\":{\"clip-path\":\"inset(100% 0% 0% 0%)\"},\"100%\":{\"clip-path\":\"inset(0% 0% 0% 0%)\"}}},\"text-rotate-intro\":{\"id\":\"text-rotate-intro\",\"name\":\"text rotate intro\",\"keyframes\":{\"0%\":{\"transform\":{\"rotate\":\"-10deg\",\"rotateX\":\"75deg\",\"rotateY\":\"0deg\"},\"opacity\":\"0%\"},\"100%\":{\"transform\":{\"rotate\":\"0deg\",\"rotateX\":\"0deg\",\"rotateY\":\"0deg\"},\"opacity\":\"100%\"}}},\"zoom-rotate\":{\"id\":\"zoom-rotate\",\"name\":\"zoom rotate\",\"keyframes\":{\"0%\":{\"transform\":{\"rotate\":\"180deg\",\"scale\":\"50%\"},\"opacity\":\"0%\"},\"100%\":{\"transform\":{\"rotate\":\"0deg\",\"scale\":\"100%\"},\"opacity\":\"100%\"}}},\"move-up\":{\"id\":\"move-up\",\"name\":\"move up\",\"keyframes\":{\"0%\":{\"transform\":{\"translateY\":\"100%\"}},\"100%\":{\"transform\":{\"translateY\":\"0%\"}}}},\"move-down\":{\"id\":\"move-down\",\"name\":\"move down\",\"keyframes\":{\"0%\":{\"transform\":{\"translateY\":\"-100-%\"}},\"100%\":{\"transform\":{\"translateY\":\"0%\"}}}},\"video-app-intro\":{\"id\":\"video-app-intro\",\"name\":\"video app intro\",\"keyframes\":{\"0%\":{\"transform\":{\"translateX\":\"-300px\",\"scale\":\"300%\",\"rotate\":\"90deg\"}},\"50%\":{\"transform\":{\"translateX\":\"-300px\",\"scale\":\"100%\",\"rotate\":\"0deg\"}},\"100%\":{\"transform\":{\"translateX\":\"0px\",\"scale\":\"100%\",\"rotate\":\"0deg\"}}}}},\"settings\":{\"ab298e54-d2ca-4691-980d-ff6b24bd67a1\":{\"fade-in-down\":{\"selector\":true,\"triggerType\":\"onVisible\",\"triggerTarget\":[],\"triggerOnce\":true,\"reverseTarget\":[],\"easing\":\"ease-in-out\",\"duration\":1,\"delay\":0,\"iterationCount\":1,\"direction\":\"normal\"},\"fade-in-top\":{\"selector\":true,\"triggerType\":\"onVisible\",\"triggerTarget\":[],\"triggerOnce\":true,\"reverseTarget\":[],\"easing\":\"ease-in-out\",\"duration\":\"2\",\"delay\":0,\"iterationCount\":1,\"direction\":\"normal\"}},\"5654abbf-e4d2-4013-85ed-7d30aeabe1e4\":{\"fade-in-left\":{\"selector\":true,\"triggerType\":\"onVisible\",\"triggerTarget\":[],\"triggerOnce\":true,\"reverseTarget\":[],\"easing\":\"ease-in-out\",\"duration\":1,\"delay\":0,\"iterationCount\":1,\"direction\":\"normal\"},\"fade-in-right\":{\"selector\":true,\"triggerType\":\"onVisible\",\"triggerTarget\":[],\"triggerOnce\":true,\"reverseTarget\":[],\"easing\":\"ease-in-out\",\"duration\":1,\"delay\":0,\"iterationCount\":1,\"direction\":\"normal\"}},\"a945a700-05bb-4cdc-8f31-b923a9d90922\":{\"fade-in-left\":{\"selector\":true,\"triggerType\":\"onVisible\",\"triggerTarget\":[],\"triggerOnce\":true,\"reverseTarget\":[],\"easing\":\"ease-in-out\",\"duration\":1,\"delay\":0,\"iterationCount\":1,\"direction\":\"normal\"},\"fade-in-right\":{\"selector\":true,\"triggerType\":\"onVisible\",\"triggerTarget\":[],\"triggerOnce\":true,\"reverseTarget\":[],\"easing\":\"ease-in-out\",\"duration\":1,\"delay\":0,\"iterationCount\":1,\"direction\":\"normal\"},\"fade-in-down\":{\"selector\":true,\"triggerType\":\"onVisible\",\"triggerTarget\":[],\"triggerOnce\":true,\"reverseTarget\":[],\"easing\":\"ease-in-out\",\"duration\":1,\"delay\":0,\"iterationCount\":1,\"direction\":\"normal\"},\"fade-in-top\":{\"selector\":true,\"triggerType\":\"onVisible\",\"triggerTarget\":[],\"triggerOnce\":true,\"reverseTarget\":[],\"easing\":\"ease-in-out\",\"duration\":1,\"delay\":0,\"iterationCount\":1,\"direction\":\"normal\"},\"clip-from-right\":{\"selector\":true,\"triggerType\":\"onVisible\",\"triggerTarget\":[],\"triggerOnce\":true,\"reverseTarget\":[],\"easing\":\"ease-in-out\",\"duration\":1,\"delay\":0,\"iterationCount\":1,\"direction\":\"normal\"},\"clip-from-top\":{\"selector\":true,\"triggerType\":\"onVisible\",\"triggerTarget\":[],\"triggerOnce\":true,\"reverseTarget\":[],\"easing\":\"ease-in-out\",\"duration\":1,\"delay\":0,\"iterationCount\":1,\"direction\":\"normal\"},\"clip-from-left\":{\"selector\":true,\"triggerType\":\"onVisible\",\"triggerTarget\":[],\"triggerOnce\":true,\"reverseTarget\":[],\"easing\":\"ease-in-out\",\"duration\":1,\"delay\":0,\"iterationCount\":1,\"direction\":\"normal\"}},\"4a9f7f55-01b3-4b40-a3db-663b1f676c10\":{},\"638c99ed-eb2e-45a6-93a5-32d9f5696ae8\":{\"clip-from-left\":{\"selector\":true,\"triggerType\":\"onVisible\",\"triggerTarget\":[],\"triggerOnce\":true,\"reverseTarget\":[],\"easing\":\"ease-in-out\",\"duration\":\"2\",\"delay\":0,\"iterationCount\":1,\"direction\":\"normal\"}},\"8e034f0c-ac89-4879-b28b-3a4a4861011b\":{\"clip-from-left\":{\"selector\":true,\"triggerType\":\"onVisible\",\"triggerTarget\":[],\"triggerOnce\":true,\"reverseTarget\":[],\"easing\":\"ease-in-out\",\"duration\":\"2\",\"delay\":0,\"iterationCount\":1,\"direction\":\"normal\"}}}}","_advanced_custom_css":"","footnotes":""},"class_list":["post-36","page","type-page","status-publish","has-post-thumbnail","hentry"],"_links":{"self":[{"href":"https:\/\/altura-gestion.fr\/index.php\/wp-json\/wp\/v2\/pages\/36","targetHints":{"allow":["GET"]}}],"collection":[{"href":"https:\/\/altura-gestion.fr\/index.php\/wp-json\/wp\/v2\/pages"}],"about":[{"href":"https:\/\/altura-gestion.fr\/index.php\/wp-json\/wp\/v2\/types\/page"}],"author":[{"embeddable":true,"href":"https:\/\/altura-gestion.fr\/index.php\/wp-json\/wp\/v2\/users\/2"}],"replies":[{"embeddable":true,"href":"https:\/\/altura-gestion.fr\/index.php\/wp-json\/wp\/v2\/comments?post=36"}],"version-history":[{"count":274,"href":"https:\/\/altura-gestion.fr\/index.php\/wp-json\/wp\/v2\/pages\/36\/revisions"}],"predecessor-version":[{"id":2078,"href":"https:\/\/altura-gestion.fr\/index.php\/wp-json\/wp\/v2\/pages\/36\/revisions\/2078"}],"wp:featuredmedia":[{"embeddable":true,"href":"https:\/\/altura-gestion.fr\/index.php\/wp-json\/wp\/v2\/media\/749"}],"wp:attachment":[{"href":"https:\/\/altura-gestion.fr\/index.php\/wp-json\/wp\/v2\/media?parent=36"}],"curies":[{"name":"wp","href":"https:\/\/api.w.org\/{rel}","templated":true}]}}