{"id":2315,"date":"2026-03-12T17:53:37","date_gmt":"2026-03-12T16:53:37","guid":{"rendered":"https:\/\/altura-gestion.fr\/?page_id=2315"},"modified":"2026-03-20T09:38:58","modified_gmt":"2026-03-20T08:38:58","slug":"3-square-du-pont-a-bascule-marquette-lez-lille","status":"publish","type":"page","link":"https:\/\/altura-gestion.fr\/index.php\/3-square-du-pont-a-bascule-marquette-lez-lille\/","title":{"rendered":"3 square du Pont \u00e0 Bascule, MARQUETTE-LEZ-LILLE"},"content":{"rendered":"\n<div class=\"wp-block-essential-blocks-slider root-eb-slider-kwodw\"><div class=\"eb-parent-wrapper eb-parent-eb-slider-kwodw \"><div class=\"eb-slider-wrapper eb-slider-kwodw\" data-blockid=\"eb-slider-kwodw\" data-version=\"v4\" data-settings=\"eyJhcnJvd3MiOnRydWUsImFkYXB0aXZlSGVpZ2h0Ijp0cnVlLCJhdXRvcGxheSI6dHJ1ZSwiYXV0b3BsYXlTcGVlZCI6NjAwMCwiZG90cyI6dHJ1ZSwiZmFkZSI6ZmFsc2UsImluZmluaXRlIjp0cnVlLCJwYXVzZU9uSG92ZXIiOnRydWUsInNsaWRlc1RvU2hvdyI6MSwic3BlZWQiOjUwMCwidmVydGljYWwiOmZhbHNlLCJjdXJyZW50U2xpZGUiOjAsInJ0bCI6ZmFsc2UsInJlc3BvbnNpdmUiOlt7ImJyZWFrcG9pbnQiOjEwMjUsInNldHRpbmdzIjp7InNsaWRlc1RvU2hvdyI6MX19LHsiYnJlYWtwb2ludCI6NzY3LCJzZXR0aW5ncyI6eyJzbGlkZXNUb1Nob3ciOjF9fV19\" data-arrownexticon=\"fas fa-chevron-right\" data-arrowprevicon=\"fas fa-chevron-left\" data-lightbox=\"false\"><div class=\"eb-slider-init eb-slider-type-image\"><div class=\"eb-slider-item content-1\" data-src=\"http:\/\/altura-gestion.fr\/wp-content\/uploads\/2026\/03\/IMG_0732-scaled.jpg\"><div><img class=\"eb-slider-image\" data-lazy=\"http:\/\/altura-gestion.fr\/wp-content\/uploads\/2026\/03\/IMG_0732-scaled.jpg\"\/><\/div><\/div><div class=\"eb-slider-item content-1\" data-src=\"http:\/\/altura-gestion.fr\/wp-content\/uploads\/2026\/03\/IMG_0706-scaled.jpg\"><div><img class=\"eb-slider-image\" data-lazy=\"http:\/\/altura-gestion.fr\/wp-content\/uploads\/2026\/03\/IMG_0706-scaled.jpg\"\/><\/div><\/div><div class=\"eb-slider-item content-1\" data-src=\"http:\/\/altura-gestion.fr\/wp-content\/uploads\/2026\/03\/IMG_0719-scaled.jpg\"><div><img class=\"eb-slider-image\" data-lazy=\"http:\/\/altura-gestion.fr\/wp-content\/uploads\/2026\/03\/IMG_0719-scaled.jpg\"\/><\/div><\/div><div class=\"eb-slider-item content-1\" data-src=\"http:\/\/altura-gestion.fr\/wp-content\/uploads\/2026\/03\/IMG_0743-scaled.jpeg\"><div><img class=\"eb-slider-image\" data-lazy=\"http:\/\/altura-gestion.fr\/wp-content\/uploads\/2026\/03\/IMG_0743-scaled.jpeg\"\/><\/div><\/div><\/div><\/div><\/div><\/div>\n\n\n\n<div class=\"wp-block-essential-blocks-advanced-heading animation-4abb4926-9ff9-4587-a449-37bc59c34719  root-eb-advance-heading-t4ct4\"><div class=\"eb-parent-wrapper eb-parent-eb-advance-heading-t4ct4 \"><div class=\"eb-advance-heading-wrapper eb-advance-heading-t4ct4 button-1 undefined\" data-id=\"eb-advance-heading-t4ct4\"><h2 class=\"eb-ah-title\"><span class=\"first-title\">Joli T2 de 45m2 avec balcon et parking &#8211; Marquette-Lez-Lille !<\/span><\/h2><\/div><\/div><\/div>\n\n\n\n<p><br>T2 non meubl\u00e9 de 45m2 situ\u00e9 dans une r\u00e9sidence r\u00e9cente Square du pont \u00e0 bascule \u00e0 Marquette-Lez-Lille. Cet appartement au 5\u00e8me \u00e9tage avec ascenseur, est compos\u00e9 d&rsquo;un salon\/s\u00e9jour avec rangements, d&rsquo;une belle cuisine ouverte am\u00e9nag\u00e9e et \u00e9quip\u00e9e (plaques, hotte, meubles haut et bas). Une grande chambre, une salle de bain avec douche \u00e0 l&rsquo;italienne, meuble vasque, WC et branchements machine \u00e0 laver.<br><br>Un balcon et une place de parking viennent compl\u00e9ter ce bien !<\/p>\n\n\n\n<p>Honoraires :&nbsp;13\u20ac\/m2&nbsp; &nbsp; D\u00e9p\u00f4t de garantie : 579,57\u20ac<\/p>\n\n\n\n<p>Loyer : 579,57\u20ac <br>Charges : 65\u20ac (eau froide, entretien et \u00e9lectricit\u00e9 des parties communes, ascenseur)<\/p>\n\n\n\n<p>Disponible de suite.<\/p>\n\n\n\n<p>Les informations sur les risques auxquels ce bien est expos\u00e9 sont disponibles sur le site G\u00e9orisques&nbsp;<a href=\"https:\/\/www.georisques.gouv.fr\/\" target=\"_blank\" rel=\"noreferrer noopener\">https:\/\/www.georisques.gouv.fr\/<\/a><\/p>\n\n\n<style>.kadence-column2315_65d8f0-6c > .kt-inside-inner-col,.kadence-column2315_65d8f0-6c > .kt-inside-inner-col:before{border-top-left-radius:0px;border-top-right-radius:0px;border-bottom-right-radius:0px;border-bottom-left-radius:0px;}.kadence-column2315_65d8f0-6c > .kt-inside-inner-col{column-gap:var(--global-kb-gap-sm, 1rem);}.kadence-column2315_65d8f0-6c > .kt-inside-inner-col{flex-direction:column;}.kadence-column2315_65d8f0-6c > .kt-inside-inner-col > .aligncenter{width:100%;}.kadence-column2315_65d8f0-6c > .kt-inside-inner-col:before{opacity:0.3;}.kadence-column2315_65d8f0-6c{position:relative;}@media all and (max-width: 1024px){.kadence-column2315_65d8f0-6c > .kt-inside-inner-col{flex-direction:column;justify-content:center;}}@media all and (max-width: 767px){.kadence-column2315_65d8f0-6c > .kt-inside-inner-col{flex-direction:column;justify-content:center;}}<\/style>\n<div class=\"wp-block-kadence-column kadence-column2315_65d8f0-6c\"><div class=\"kt-inside-inner-col\"><style>.kb-row-layout-id2315_886531-e7 > .kt-row-column-wrap{align-content:start;}:where(.kb-row-layout-id2315_886531-e7 > .kt-row-column-wrap) > .wp-block-kadence-column{justify-content:start;}.kb-row-layout-id2315_886531-e7 > .kt-row-column-wrap{column-gap:var(--global-kb-gap-md, 2rem);row-gap:var(--global-kb-gap-md, 2rem);padding-top:var(--global-kb-spacing-sm, 1.5rem);padding-bottom:var(--global-kb-spacing-sm, 1.5rem);grid-template-columns:repeat(2, minmax(0, 1fr));}.kb-row-layout-id2315_886531-e7 > .kt-row-layout-overlay{opacity:0.30;}@media all and (max-width: 1024px){.kb-row-layout-id2315_886531-e7 > .kt-row-column-wrap{grid-template-columns:repeat(2, minmax(0, 1fr));}}@media all and (max-width: 767px){.kb-row-layout-id2315_886531-e7 > .kt-row-column-wrap{grid-template-columns:minmax(0, 1fr);}}<\/style><div class=\"kb-row-layout-wrap kb-row-layout-id2315_886531-e7 alignnone wp-block-kadence-rowlayout\"><div class=\"kt-row-column-wrap kt-has-2-columns kt-row-layout-equal kt-tab-layout-inherit kt-mobile-layout-row kt-row-valign-top\">\n<style>.kadence-column2315_ddf832-4a > .kt-inside-inner-col,.kadence-column2315_ddf832-4a > .kt-inside-inner-col:before{border-top-left-radius:0px;border-top-right-radius:0px;border-bottom-right-radius:0px;border-bottom-left-radius:0px;}.kadence-column2315_ddf832-4a > .kt-inside-inner-col{column-gap:var(--global-kb-gap-sm, 1rem);}.kadence-column2315_ddf832-4a > .kt-inside-inner-col{flex-direction:column;}.kadence-column2315_ddf832-4a > .kt-inside-inner-col > .aligncenter{width:100%;}.kadence-column2315_ddf832-4a > .kt-inside-inner-col:before{opacity:0.3;}.kadence-column2315_ddf832-4a{position:relative;}@media all and (max-width: 1024px){.kadence-column2315_ddf832-4a > .kt-inside-inner-col{flex-direction:column;justify-content:center;}}@media all and (max-width: 767px){.kadence-column2315_ddf832-4a > .kt-inside-inner-col{flex-direction:column;justify-content:center;}}<\/style>\n<div class=\"wp-block-kadence-column kadence-column2315_ddf832-4a\"><div class=\"kt-inside-inner-col\">\n<p class=\"has-text-align-center has-text-color has-link-color wp-elements-3ffe3657a20c776a7500bf451b2da8a2\" style=\"color:#8a8a8a\">Diagnostic de performance \u00e9nerg\u00e9tique<\/p>\n\n\n<div class=\"wp-block-image\">\n<figure class=\"aligncenter size-full is-resized\"><img fetchpriority=\"high\" decoding=\"async\" width=\"332\" height=\"348\" src=\"http:\/\/altura-gestion.fr\/wp-content\/uploads\/2024\/03\/Capture-decran-2024-03-18-a-16.49.34.png\" alt=\"\" class=\"wp-image-841\" style=\"width:175px\" srcset=\"https:\/\/altura-gestion.fr\/wp-content\/uploads\/2024\/03\/Capture-decran-2024-03-18-a-16.49.34.png 332w, https:\/\/altura-gestion.fr\/wp-content\/uploads\/2024\/03\/Capture-decran-2024-03-18-a-16.49.34-286x300.png 286w\" sizes=\"(max-width: 332px) 100vw, 332px\" \/><\/figure>\n<\/div><\/div><\/div>\n\n\n<style>.kadence-column2315_75723a-c2 > .kt-inside-inner-col,.kadence-column2315_75723a-c2 > .kt-inside-inner-col:before{border-top-left-radius:0px;border-top-right-radius:0px;border-bottom-right-radius:0px;border-bottom-left-radius:0px;}.kadence-column2315_75723a-c2 > .kt-inside-inner-col{column-gap:var(--global-kb-gap-sm, 1rem);}.kadence-column2315_75723a-c2 > .kt-inside-inner-col{flex-direction:column;}.kadence-column2315_75723a-c2 > .kt-inside-inner-col > .aligncenter{width:100%;}.kadence-column2315_75723a-c2 > .kt-inside-inner-col:before{opacity:0.3;}.kadence-column2315_75723a-c2{position:relative;}@media all and (max-width: 1024px){.kadence-column2315_75723a-c2 > .kt-inside-inner-col{flex-direction:column;justify-content:center;}}@media all and (max-width: 767px){.kadence-column2315_75723a-c2 > .kt-inside-inner-col{flex-direction:column;justify-content:center;}}<\/style>\n<div class=\"wp-block-kadence-column kadence-column2315_75723a-c2\"><div class=\"kt-inside-inner-col\">\n<p class=\"has-text-align-center has-text-color has-link-color wp-elements-7d16f7fed20d44957544045cb654a55e\" style=\"color:#8a8a8a\">Indice d&rsquo;\u00e9mission de gaz \u00e0 effet de serre<\/p>\n\n\n<div class=\"wp-block-image\">\n<figure class=\"aligncenter size-full is-resized\"><img decoding=\"async\" width=\"332\" height=\"348\" src=\"http:\/\/altura-gestion.fr\/wp-content\/uploads\/2024\/03\/Capture-decran-2024-03-18-a-16.49.34.png\" alt=\"\" class=\"wp-image-841\" style=\"width:175px;height:auto\" srcset=\"https:\/\/altura-gestion.fr\/wp-content\/uploads\/2024\/03\/Capture-decran-2024-03-18-a-16.49.34.png 332w, https:\/\/altura-gestion.fr\/wp-content\/uploads\/2024\/03\/Capture-decran-2024-03-18-a-16.49.34-286x300.png 286w\" sizes=\"(max-width: 332px) 100vw, 332px\" \/><\/figure>\n<\/div><\/div><\/div>\n\n<\/div><\/div><\/div><\/div>\n","protected":false},"excerpt":{"rendered":"<p>T2 non meubl\u00e9 de 45m2 situ\u00e9 dans une r\u00e9sidence r\u00e9cente Square du pont \u00e0 bascule \u00e0 Marquette-Lez-Lille. Cet appartement au 5\u00e8me \u00e9tage avec ascenseur, est compos\u00e9 d&rsquo;un salon\/s\u00e9jour avec rangements, d&rsquo;une belle cuisine ouverte am\u00e9nag\u00e9e et \u00e9quip\u00e9e (plaques, hotte, meubles haut et bas). Une grande chambre, une salle de bain avec douche \u00e0 l&rsquo;italienne, meuble&#8230;<\/p>\n","protected":false},"author":1,"featured_media":0,"parent":0,"menu_order":0,"comment_status":"closed","ping_status":"closed","template":"","meta":{"_eb_attr":"","_kad_post_transparent":"","_kad_post_title":"hide","_kad_post_layout":"","_kad_post_sidebar_id":"","_kad_post_content_style":"","_kad_post_vertical_padding":"","_kad_post_feature":"","_kad_post_feature_position":"","_kad_post_header":false,"_kad_post_footer":false,"_advanced_animation_props":"{}","_advanced_custom_css":"","footnotes":""},"class_list":["post-2315","page","type-page","status-publish","hentry"],"_links":{"self":[{"href":"https:\/\/altura-gestion.fr\/index.php\/wp-json\/wp\/v2\/pages\/2315","targetHints":{"allow":["GET"]}}],"collection":[{"href":"https:\/\/altura-gestion.fr\/index.php\/wp-json\/wp\/v2\/pages"}],"about":[{"href":"https:\/\/altura-gestion.fr\/index.php\/wp-json\/wp\/v2\/types\/page"}],"author":[{"embeddable":true,"href":"https:\/\/altura-gestion.fr\/index.php\/wp-json\/wp\/v2\/users\/1"}],"replies":[{"embeddable":true,"href":"https:\/\/altura-gestion.fr\/index.php\/wp-json\/wp\/v2\/comments?post=2315"}],"version-history":[{"count":4,"href":"https:\/\/altura-gestion.fr\/index.php\/wp-json\/wp\/v2\/pages\/2315\/revisions"}],"predecessor-version":[{"id":2325,"href":"https:\/\/altura-gestion.fr\/index.php\/wp-json\/wp\/v2\/pages\/2315\/revisions\/2325"}],"wp:attachment":[{"href":"https:\/\/altura-gestion.fr\/index.php\/wp-json\/wp\/v2\/media?parent=2315"}],"curies":[{"name":"wp","href":"https:\/\/api.w.org\/{rel}","templated":true}]}}