{"id":2312,"date":"2026-03-04T14:59:56","date_gmt":"2026-03-04T13:59:56","guid":{"rendered":"https:\/\/altura-gestion.fr\/?page_id=2312"},"modified":"2026-03-27T09:56:18","modified_gmt":"2026-03-27T08:56:18","slug":"86-rue-de-la-paix-la-madeleine","status":"publish","type":"page","link":"https:\/\/altura-gestion.fr\/index.php\/86-rue-de-la-paix-la-madeleine\/","title":{"rendered":"86 rue de la Paix, LA MADELEINE"},"content":{"rendered":"\n<div class=\"wp-block-essential-blocks-slider root-eb-slider-kwodw\"><div class=\"eb-parent-wrapper eb-parent-eb-slider-kwodw \"><div class=\"eb-slider-wrapper eb-slider-kwodw\" data-blockid=\"eb-slider-kwodw\" data-version=\"v4\" data-settings=\"eyJhcnJvd3MiOnRydWUsImFkYXB0aXZlSGVpZ2h0Ijp0cnVlLCJhdXRvcGxheSI6dHJ1ZSwiYXV0b3BsYXlTcGVlZCI6NjAwMCwiZG90cyI6dHJ1ZSwiZmFkZSI6ZmFsc2UsImluZmluaXRlIjp0cnVlLCJwYXVzZU9uSG92ZXIiOnRydWUsInNsaWRlc1RvU2hvdyI6MSwic3BlZWQiOjUwMCwidmVydGljYWwiOmZhbHNlLCJjdXJyZW50U2xpZGUiOjAsInJ0bCI6ZmFsc2UsInJlc3BvbnNpdmUiOlt7ImJyZWFrcG9pbnQiOjEwMjUsInNldHRpbmdzIjp7InNsaWRlc1RvU2hvdyI6MX19LHsiYnJlYWtwb2ludCI6NzY3LCJzZXR0aW5ncyI6eyJzbGlkZXNUb1Nob3ciOjF9fV19\" data-arrownexticon=\"fas fa-chevron-right\" data-arrowprevicon=\"fas fa-chevron-left\" data-lightbox=\"false\"><div class=\"eb-slider-init eb-slider-type-image\"><div class=\"eb-slider-item content-1\" data-src=\"http:\/\/altura-gestion.fr\/wp-content\/uploads\/2026\/03\/IMG_0509-2-scaled.jpg\"><div><img class=\"eb-slider-image\" data-lazy=\"http:\/\/altura-gestion.fr\/wp-content\/uploads\/2026\/03\/IMG_0509-2-scaled.jpg\"\/><\/div><\/div><div class=\"eb-slider-item content-1\" data-src=\"http:\/\/altura-gestion.fr\/wp-content\/uploads\/2026\/03\/IMG_0517-2-scaled.jpg\"><div><img class=\"eb-slider-image\" data-lazy=\"http:\/\/altura-gestion.fr\/wp-content\/uploads\/2026\/03\/IMG_0517-2-scaled.jpg\"\/><\/div><\/div><div class=\"eb-slider-item content-1\" data-src=\"http:\/\/altura-gestion.fr\/wp-content\/uploads\/2026\/03\/IMG_0499-2-scaled.jpg\"><div><img class=\"eb-slider-image\" data-lazy=\"http:\/\/altura-gestion.fr\/wp-content\/uploads\/2026\/03\/IMG_0499-2-scaled.jpg\"\/><\/div><\/div><div class=\"eb-slider-item content-1\" data-src=\"http:\/\/altura-gestion.fr\/wp-content\/uploads\/2026\/03\/IMG_0503-2-scaled.jpg\"><div><img class=\"eb-slider-image\" data-lazy=\"http:\/\/altura-gestion.fr\/wp-content\/uploads\/2026\/03\/IMG_0503-2-scaled.jpg\"\/><\/div><\/div><div class=\"eb-slider-item content-1\" data-src=\"http:\/\/altura-gestion.fr\/wp-content\/uploads\/2026\/03\/IMG_0475-2-scaled.jpg\"><div><img class=\"eb-slider-image\" data-lazy=\"http:\/\/altura-gestion.fr\/wp-content\/uploads\/2026\/03\/IMG_0475-2-scaled.jpg\"\/><\/div><\/div><div class=\"eb-slider-item content-1\" data-src=\"http:\/\/altura-gestion.fr\/wp-content\/uploads\/2026\/03\/IMG_0479-2-scaled.jpg\"><div><img class=\"eb-slider-image\" data-lazy=\"http:\/\/altura-gestion.fr\/wp-content\/uploads\/2026\/03\/IMG_0479-2-scaled.jpg\"\/><\/div><\/div><div class=\"eb-slider-item content-1\" data-src=\"http:\/\/altura-gestion.fr\/wp-content\/uploads\/2026\/03\/IMG_0483-2-scaled.jpg\"><div><img class=\"eb-slider-image\" data-lazy=\"http:\/\/altura-gestion.fr\/wp-content\/uploads\/2026\/03\/IMG_0483-2-scaled.jpg\"\/><\/div><\/div><div class=\"eb-slider-item content-1\" data-src=\"http:\/\/altura-gestion.fr\/wp-content\/uploads\/2026\/03\/IMG_0484-2-scaled.jpg\"><div><img class=\"eb-slider-image\" data-lazy=\"http:\/\/altura-gestion.fr\/wp-content\/uploads\/2026\/03\/IMG_0484-2-scaled.jpg\"\/><\/div><\/div><div class=\"eb-slider-item content-1\" data-src=\"http:\/\/altura-gestion.fr\/wp-content\/uploads\/2026\/03\/IMG_0490-2-scaled.jpg\"><div><img class=\"eb-slider-image\" data-lazy=\"http:\/\/altura-gestion.fr\/wp-content\/uploads\/2026\/03\/IMG_0490-2-scaled.jpg\"\/><\/div><\/div><\/div><\/div><\/div><\/div>\n\n\n\n<div class=\"wp-block-essential-blocks-advanced-heading animation-4abb4926-9ff9-4587-a449-37bc59c34719  root-eb-advance-heading-t4ct4\"><div class=\"eb-parent-wrapper eb-parent-eb-advance-heading-t4ct4 \"><div class=\"eb-advance-heading-wrapper eb-advance-heading-t4ct4 button-1 undefined\" data-id=\"eb-advance-heading-t4ct4\"><h2 class=\"eb-ah-title\"><span class=\"first-title\">Jolie maison meubl\u00e9e avec un ext\u00e9rieur \u00e0 La Madeleine !<\/span><\/h2><\/div><\/div><\/div>\n\n\n\n<p><br>Jolie maison meubl\u00e9e de 69m2 situ\u00e9 rue de la Paix \u00e0 La Madeleine. Cette maison est compos\u00e9e, d&rsquo;un salon\/s\u00e9jour avec cuisine ouverte enti\u00e8rement am\u00e9nag\u00e9e et \u00e9quip\u00e9e (plaques, hotte, four, lave-vaisselle, frigo, cong\u00e9lateur). Le premier \u00e9tage dessert une chambre, et une salle de bain avec douche \u00e0 l&rsquo;italienne, meuble vasque, WC, et machine \u00e0 laver. Le 2\u00e8me \u00e9tage est compos\u00e9e d&rsquo;une grande chambre et d&rsquo;une seconde pi\u00e8ce pouvant servir de bureau\/dressing. <br><br>Une grande terrasse am\u00e9nag\u00e9e (avec abri de jardin) vient compl\u00e9ter ce bien !<\/p>\n\n\n\n<p>Honoraires :\u00a013,12\u20ac\/m2\u00a0 \u00a0 D\u00e9p\u00f4t de garantie : 2 300\u20ac<\/p>\n\n\n\n<p>Loyer : 1 150\u20ac <\/p>\n\n\n\n<p>Disponibilit\u00e9 : 06\/04\/2026<\/p>\n\n\n\n<p>Les informations sur les risques auxquels ce bien est expos\u00e9 sont disponibles sur le site G\u00e9orisques&nbsp;<a href=\"https:\/\/www.georisques.gouv.fr\/\" target=\"_blank\" rel=\"noreferrer noopener\">https:\/\/www.georisques.gouv.fr\/<\/a><\/p>\n\n\n<style>.kadence-column2312_9da11b-d7 > .kt-inside-inner-col,.kadence-column2312_9da11b-d7 > .kt-inside-inner-col:before{border-top-left-radius:0px;border-top-right-radius:0px;border-bottom-right-radius:0px;border-bottom-left-radius:0px;}.kadence-column2312_9da11b-d7 > .kt-inside-inner-col{column-gap:var(--global-kb-gap-sm, 1rem);}.kadence-column2312_9da11b-d7 > .kt-inside-inner-col{flex-direction:column;}.kadence-column2312_9da11b-d7 > .kt-inside-inner-col > .aligncenter{width:100%;}.kadence-column2312_9da11b-d7 > .kt-inside-inner-col:before{opacity:0.3;}.kadence-column2312_9da11b-d7{position:relative;}@media all and (max-width: 1024px){.kadence-column2312_9da11b-d7 > .kt-inside-inner-col{flex-direction:column;justify-content:center;}}@media all and (max-width: 767px){.kadence-column2312_9da11b-d7 > .kt-inside-inner-col{flex-direction:column;justify-content:center;}}<\/style>\n<div class=\"wp-block-kadence-column kadence-column2312_9da11b-d7\"><div class=\"kt-inside-inner-col\"><style>.kb-row-layout-id2312_5484f8-70 > .kt-row-column-wrap{align-content:start;}:where(.kb-row-layout-id2312_5484f8-70 > .kt-row-column-wrap) > .wp-block-kadence-column{justify-content:start;}.kb-row-layout-id2312_5484f8-70 > .kt-row-column-wrap{column-gap:var(--global-kb-gap-md, 2rem);row-gap:var(--global-kb-gap-md, 2rem);padding-top:var(--global-kb-spacing-sm, 1.5rem);padding-bottom:var(--global-kb-spacing-sm, 1.5rem);grid-template-columns:repeat(2, minmax(0, 1fr));}.kb-row-layout-id2312_5484f8-70 > .kt-row-layout-overlay{opacity:0.30;}@media all and (max-width: 1024px){.kb-row-layout-id2312_5484f8-70 > .kt-row-column-wrap{grid-template-columns:repeat(2, minmax(0, 1fr));}}@media all and (max-width: 767px){.kb-row-layout-id2312_5484f8-70 > .kt-row-column-wrap{grid-template-columns:minmax(0, 1fr);}}<\/style><div class=\"kb-row-layout-wrap kb-row-layout-id2312_5484f8-70 alignnone wp-block-kadence-rowlayout\"><div class=\"kt-row-column-wrap kt-has-2-columns kt-row-layout-equal kt-tab-layout-inherit kt-mobile-layout-row kt-row-valign-top\">\n<style>.kadence-column2312_63c4cb-d9 > .kt-inside-inner-col,.kadence-column2312_63c4cb-d9 > .kt-inside-inner-col:before{border-top-left-radius:0px;border-top-right-radius:0px;border-bottom-right-radius:0px;border-bottom-left-radius:0px;}.kadence-column2312_63c4cb-d9 > .kt-inside-inner-col{column-gap:var(--global-kb-gap-sm, 1rem);}.kadence-column2312_63c4cb-d9 > .kt-inside-inner-col{flex-direction:column;}.kadence-column2312_63c4cb-d9 > .kt-inside-inner-col > .aligncenter{width:100%;}.kadence-column2312_63c4cb-d9 > .kt-inside-inner-col:before{opacity:0.3;}.kadence-column2312_63c4cb-d9{position:relative;}@media all and (max-width: 1024px){.kadence-column2312_63c4cb-d9 > .kt-inside-inner-col{flex-direction:column;justify-content:center;}}@media all and (max-width: 767px){.kadence-column2312_63c4cb-d9 > .kt-inside-inner-col{flex-direction:column;justify-content:center;}}<\/style>\n<div class=\"wp-block-kadence-column kadence-column2312_63c4cb-d9\"><div class=\"kt-inside-inner-col\">\n<p class=\"has-text-align-center has-text-color has-link-color wp-elements-3ffe3657a20c776a7500bf451b2da8a2\" style=\"color:#8a8a8a\">Diagnostic de performance \u00e9nerg\u00e9tique<\/p>\n\n\n<div class=\"wp-block-image\">\n<figure class=\"aligncenter size-full is-resized\"><img fetchpriority=\"high\" decoding=\"async\" width=\"334\" height=\"346\" src=\"http:\/\/altura-gestion.fr\/wp-content\/uploads\/2024\/03\/Capture-decran-2024-03-18-a-16.50.00.png\" alt=\"\" class=\"wp-image-843\" style=\"width:175px\" srcset=\"https:\/\/altura-gestion.fr\/wp-content\/uploads\/2024\/03\/Capture-decran-2024-03-18-a-16.50.00.png 334w, https:\/\/altura-gestion.fr\/wp-content\/uploads\/2024\/03\/Capture-decran-2024-03-18-a-16.50.00-290x300.png 290w\" sizes=\"(max-width: 334px) 100vw, 334px\" \/><\/figure>\n<\/div><\/div><\/div>\n\n\n<style>.kadence-column2312_a23f8c-a2 > .kt-inside-inner-col,.kadence-column2312_a23f8c-a2 > .kt-inside-inner-col:before{border-top-left-radius:0px;border-top-right-radius:0px;border-bottom-right-radius:0px;border-bottom-left-radius:0px;}.kadence-column2312_a23f8c-a2 > .kt-inside-inner-col{column-gap:var(--global-kb-gap-sm, 1rem);}.kadence-column2312_a23f8c-a2 > .kt-inside-inner-col{flex-direction:column;}.kadence-column2312_a23f8c-a2 > .kt-inside-inner-col > .aligncenter{width:100%;}.kadence-column2312_a23f8c-a2 > .kt-inside-inner-col:before{opacity:0.3;}.kadence-column2312_a23f8c-a2{position:relative;}@media all and (max-width: 1024px){.kadence-column2312_a23f8c-a2 > .kt-inside-inner-col{flex-direction:column;justify-content:center;}}@media all and (max-width: 767px){.kadence-column2312_a23f8c-a2 > .kt-inside-inner-col{flex-direction:column;justify-content:center;}}<\/style>\n<div class=\"wp-block-kadence-column kadence-column2312_a23f8c-a2\"><div class=\"kt-inside-inner-col\">\n<p class=\"has-text-align-center has-text-color has-link-color wp-elements-7d16f7fed20d44957544045cb654a55e\" style=\"color:#8a8a8a\">Indice d&rsquo;\u00e9mission de gaz \u00e0 effet de serre<\/p>\n\n\n<div class=\"wp-block-image\">\n<figure class=\"aligncenter size-full is-resized\"><img decoding=\"async\" width=\"334\" height=\"346\" src=\"http:\/\/altura-gestion.fr\/wp-content\/uploads\/2024\/03\/Capture-decran-2024-03-18-a-16.50.00.png\" alt=\"\" class=\"wp-image-843\" style=\"width:175px;height:auto\" srcset=\"https:\/\/altura-gestion.fr\/wp-content\/uploads\/2024\/03\/Capture-decran-2024-03-18-a-16.50.00.png 334w, https:\/\/altura-gestion.fr\/wp-content\/uploads\/2024\/03\/Capture-decran-2024-03-18-a-16.50.00-290x300.png 290w\" sizes=\"(max-width: 334px) 100vw, 334px\" \/><\/figure>\n<\/div><\/div><\/div>\n\n<\/div><\/div><\/div><\/div>\n\n\n\n<p><\/p>\n","protected":false},"excerpt":{"rendered":"<p>Jolie maison meubl\u00e9e de 69m2 situ\u00e9 rue de la Paix \u00e0 La Madeleine. Cette maison est compos\u00e9e, d&rsquo;un salon\/s\u00e9jour avec cuisine ouverte enti\u00e8rement am\u00e9nag\u00e9e et \u00e9quip\u00e9e (plaques, hotte, four, lave-vaisselle, frigo, cong\u00e9lateur). Le premier \u00e9tage dessert une chambre, et une salle de bain avec douche \u00e0 l&rsquo;italienne, meuble vasque, WC, et machine \u00e0 laver. Le&#8230;<\/p>\n","protected":false},"author":1,"featured_media":0,"parent":0,"menu_order":0,"comment_status":"closed","ping_status":"closed","template":"","meta":{"_eb_attr":"","_kad_post_transparent":"","_kad_post_title":"hide","_kad_post_layout":"","_kad_post_sidebar_id":"","_kad_post_content_style":"","_kad_post_vertical_padding":"","_kad_post_feature":"","_kad_post_feature_position":"","_kad_post_header":false,"_kad_post_footer":false,"_advanced_animation_props":"{}","_advanced_custom_css":"","footnotes":""},"class_list":["post-2312","page","type-page","status-publish","hentry"],"_links":{"self":[{"href":"https:\/\/altura-gestion.fr\/index.php\/wp-json\/wp\/v2\/pages\/2312","targetHints":{"allow":["GET"]}}],"collection":[{"href":"https:\/\/altura-gestion.fr\/index.php\/wp-json\/wp\/v2\/pages"}],"about":[{"href":"https:\/\/altura-gestion.fr\/index.php\/wp-json\/wp\/v2\/types\/page"}],"author":[{"embeddable":true,"href":"https:\/\/altura-gestion.fr\/index.php\/wp-json\/wp\/v2\/users\/1"}],"replies":[{"embeddable":true,"href":"https:\/\/altura-gestion.fr\/index.php\/wp-json\/wp\/v2\/comments?post=2312"}],"version-history":[{"count":4,"href":"https:\/\/altura-gestion.fr\/index.php\/wp-json\/wp\/v2\/pages\/2312\/revisions"}],"predecessor-version":[{"id":2340,"href":"https:\/\/altura-gestion.fr\/index.php\/wp-json\/wp\/v2\/pages\/2312\/revisions\/2340"}],"wp:attachment":[{"href":"https:\/\/altura-gestion.fr\/index.php\/wp-json\/wp\/v2\/media?parent=2312"}],"curies":[{"name":"wp","href":"https:\/\/api.w.org\/{rel}","templated":true}]}}