{"id":164,"date":"2024-03-02T09:12:55","date_gmt":"2024-03-02T08:12:55","guid":{"rendered":"https:\/\/altura-gestion.fr\/?page_id=164"},"modified":"2024-03-08T12:33:16","modified_gmt":"2024-03-08T11:33:16","slug":"gestion-locative","status":"publish","type":"page","link":"https:\/\/altura-gestion.fr\/index.php\/gestion-locative\/","title":{"rendered":"Mettre mon bien en gestion"},"content":{"rendered":"\n<p class=\"has-text-color has-link-color has-medium-font-size animation-693103d8-eead-4647-a3b5-35285224afea wp-elements-bd51db7c57791d149d1eafc2f8dc5da1\" style=\"color:#50b5da;font-style:normal;font-weight:300\"><strong>Votre tranquillit\u00e9, notre priorit\u00e9 !<\/strong><\/p>\n\n\n\n<p class=\"\" style=\"font-style:normal;font-weight:300\">Chez Altura Gestion, nous avons conscience que la gestion locative efficace demande du temps, des comp\u00e9tences et une attention constante. C&rsquo;est pourquoi nous vous proposons notre expertise pour simplifier et optimiser la gestion de votre patrimoine immobilier.<\/p>\n\n\n\n<p class=\"\" style=\"font-style:normal;font-weight:300\">Altura Gestion s&rsquo;engage \u00e0 prendre en charge tous les aspects de la gestion locative, vous lib\u00e9rant ainsi des contraintes administratives et op\u00e9rationnelles. De la recherche de locataires \u00e0 la perception des loyers, en passant par l&rsquo;entretien et les r\u00e9parations, nous veillons \u00e0 ce que votre investissement immobilier soit entretenu et g\u00e9r\u00e9 de mani\u00e8re efficace et rentable.<\/p>\n\n\n\n<p class=\"\" style=\"font-style:normal;font-weight:300\"><strong><em>Que comprend notre mandat de gestion ?<\/em><\/strong><\/p>\n\n\n<style>.kb-row-layout-id164_c14eb7-69 > .kt-row-column-wrap{align-content:start;}:where(.kb-row-layout-id164_c14eb7-69 > .kt-row-column-wrap) > .wp-block-kadence-column{justify-content:start;}.kb-row-layout-id164_c14eb7-69 > .kt-row-column-wrap{column-gap:var(--global-kb-gap-md, 2rem);row-gap:var(--global-kb-gap-md, 2rem);padding-top:var(--global-kb-spacing-sm, 1.5rem);padding-bottom:var(--global-kb-spacing-sm, 1.5rem);grid-template-columns:repeat(2, minmax(0, 1fr));}.kb-row-layout-id164_c14eb7-69 > .kt-row-layout-overlay{opacity:0.30;}@media all and (max-width: 1024px){.kb-row-layout-id164_c14eb7-69 > .kt-row-column-wrap{grid-template-columns:repeat(2, minmax(0, 1fr));}}@media all and (max-width: 767px){.kb-row-layout-id164_c14eb7-69 > .kt-row-column-wrap{grid-template-columns:minmax(0, 1fr);}}<\/style><div class=\"kb-row-layout-wrap kb-row-layout-id164_c14eb7-69 alignnone wp-block-kadence-rowlayout\"><div class=\"kt-row-column-wrap kt-has-2-columns kt-row-layout-equal kt-tab-layout-inherit kt-mobile-layout-row kt-row-valign-top\">\n<style>.kadence-column164_5d1534-da > .kt-inside-inner-col,.kadence-column164_5d1534-da > .kt-inside-inner-col:before{border-top-left-radius:0px;border-top-right-radius:0px;border-bottom-right-radius:0px;border-bottom-left-radius:0px;}.kadence-column164_5d1534-da > .kt-inside-inner-col{column-gap:var(--global-kb-gap-sm, 1rem);}.kadence-column164_5d1534-da > .kt-inside-inner-col{flex-direction:column;}.kadence-column164_5d1534-da > .kt-inside-inner-col > .aligncenter{width:100%;}.kadence-column164_5d1534-da > .kt-inside-inner-col:before{opacity:0.3;}.kadence-column164_5d1534-da{position:relative;}@media all and (max-width: 1024px){.kadence-column164_5d1534-da > .kt-inside-inner-col{flex-direction:column;justify-content:center;}}@media all and (max-width: 767px){.kadence-column164_5d1534-da > .kt-inside-inner-col{flex-direction:column;justify-content:center;}}<\/style>\n<div class=\"wp-block-kadence-column kadence-column164_5d1534-da\"><div class=\"kt-inside-inner-col\">\n<figure class=\"wp-block-image size-full is-resized\"><img decoding=\"async\" width=\"282\" height=\"100\" src=\"https:\/\/altura-gestion.fr\/wp-content\/uploads\/2024\/03\/Capture-decran-2024-03-08-a-11.48.19.png\" alt=\"\" class=\"wp-image-401\" style=\"width:129px;height:auto\"\/><\/figure>\n\n\n\n<ul class=\"wp-block-list\">\n<li class=\"\" style=\"font-style:normal;font-weight:300\">Encaisser les loyers, et les charges.<\/li>\n\n\n\n<li class=\"\" style=\"font-style:normal;font-weight:300\">Envoyer les avis d\u2019\u00e9ch\u00e9ances et les quittances aux locataires.<\/li>\n\n\n\n<li class=\"\" style=\"font-style:normal;font-weight:300\">Reverser les loyers au propri\u00e9taire mensuellement.<\/li>\n\n\n\n<li class=\"\" style=\"font-style:normal;font-weight:300\">R\u00e9gulariser les charges, r\u00e9-indexer les loyers.&nbsp;<\/li>\n\n\n\n<li class=\"\" style=\"font-style:normal;font-weight:300\">Refacturer annuellement la taxe d\u2019ordures m\u00e9nag\u00e8res.<\/li>\n\n\n\n<li class=\"\" style=\"font-style:normal;font-weight:300\">R\u00e9gler pour vous les charges de copropri\u00e9t\u00e9.<\/li>\n\n\n\n<li class=\"\" style=\"font-style:normal;font-weight:300\">Suivre les dossiers d\u2019impay\u00e9s et g\u00e9rer le dossier avec des professionnels (avocat et huissier).<\/li>\n\n\n\n<li class=\"\" style=\"font-style:normal;font-weight:300\">G\u00e9rer en cas de sinistre (d\u00e9g\u00e2t des eaux par exemple).<\/li>\n\n\n\n<li class=\"\" style=\"font-style:normal;font-weight:300\">Visiter annuellement votre logement.&nbsp;<\/li>\n\n\n\n<li class=\"\" style=\"font-style:normal;font-weight:300\">V\u00e9rifier l\u2019assurance des locataires et l\u2019entretien des chaudi\u00e8res.<\/li>\n\n\n\n<li class=\"\" style=\"font-style:normal;font-weight:300\">R\u00e9aliser l\u2019\u00e9tat des lieux de sortie et g\u00e9rer le remboursement du d\u00e9p\u00f4t de garantie.&nbsp;<\/li>\n<\/ul>\n<\/div><\/div>\n\n\n<style>.kadence-column164_c74fbb-bc > .kt-inside-inner-col,.kadence-column164_c74fbb-bc > .kt-inside-inner-col:before{border-top-left-radius:0px;border-top-right-radius:0px;border-bottom-right-radius:0px;border-bottom-left-radius:0px;}.kadence-column164_c74fbb-bc > .kt-inside-inner-col{column-gap:var(--global-kb-gap-sm, 1rem);}.kadence-column164_c74fbb-bc > .kt-inside-inner-col{flex-direction:column;}.kadence-column164_c74fbb-bc > .kt-inside-inner-col > .aligncenter{width:100%;}.kadence-column164_c74fbb-bc > .kt-inside-inner-col:before{opacity:0.3;}.kadence-column164_c74fbb-bc{position:relative;}@media all and (max-width: 1024px){.kadence-column164_c74fbb-bc > .kt-inside-inner-col{flex-direction:column;justify-content:center;}}@media all and (max-width: 767px){.kadence-column164_c74fbb-bc > .kt-inside-inner-col{flex-direction:column;justify-content:center;}}<\/style>\n<div class=\"wp-block-kadence-column kadence-column164_c74fbb-bc\"><div class=\"kt-inside-inner-col\">\n<figure class=\"wp-block-image size-full is-resized\"><img fetchpriority=\"high\" decoding=\"async\" width=\"488\" height=\"114\" src=\"http:\/\/altura-gestion.fr\/wp-content\/uploads\/2024\/03\/Capture-decran-2024-03-05-a-15.30.48.png\" alt=\"\" class=\"wp-image-247\" style=\"width:189px;height:auto\" srcset=\"https:\/\/altura-gestion.fr\/wp-content\/uploads\/2024\/03\/Capture-decran-2024-03-05-a-15.30.48.png 488w, https:\/\/altura-gestion.fr\/wp-content\/uploads\/2024\/03\/Capture-decran-2024-03-05-a-15.30.48-300x70.png 300w\" sizes=\"(max-width: 488px) 100vw, 488px\" \/><\/figure>\n\n\n\n<ul class=\"wp-block-list\">\n<li class=\"\" style=\"font-style:normal;font-weight:300\">Conseil pour optimiser la mise en location.<\/li>\n\n\n\n<li class=\"\" style=\"font-style:normal;font-weight:300\">Tenue des comptes propri\u00e9taires avec envoi d\u2019un compte rendu mensuel.&nbsp;<\/li>\n\n\n\n<li class=\"\" style=\"font-style:normal;font-weight:300\">Service sur-mesure.<\/li>\n\n\n\n<li class=\"\" style=\"font-style:normal;font-weight:300\">Un interlocuteur d\u00e9di\u00e9.<\/li>\n<\/ul>\n<\/div><\/div>\n\n<\/div><\/div>\n\n<style>.kb-row-layout-id164_26d891-97 > .kt-row-column-wrap{align-content:start;}:where(.kb-row-layout-id164_26d891-97 > .kt-row-column-wrap) > .wp-block-kadence-column{justify-content:start;}.kb-row-layout-id164_26d891-97 > .kt-row-column-wrap{column-gap:var(--global-kb-gap-md, 2rem);row-gap:var(--global-kb-gap-md, 2rem);padding-top:var(--global-kb-spacing-sm, 1.5rem);padding-bottom:var(--global-kb-spacing-sm, 1.5rem);grid-template-columns:minmax(0, 1fr);}.kb-row-layout-id164_26d891-97 > .kt-row-layout-overlay{opacity:0.30;}@media all and (max-width: 1024px){.kb-row-layout-id164_26d891-97 > .kt-row-column-wrap{grid-template-columns:minmax(0, 1fr);}}@media all and (max-width: 767px){.kb-row-layout-id164_26d891-97 > .kt-row-column-wrap{grid-template-columns:minmax(0, 1fr);}}<\/style><div class=\"kb-row-layout-wrap kb-row-layout-id164_26d891-97 alignnone wp-block-kadence-rowlayout\"><div class=\"kt-row-column-wrap kt-has-1-columns kt-row-layout-equal kt-tab-layout-inherit kt-mobile-layout-row kt-row-valign-top\">\n<style>.kadence-column164_c7d0ea-dd > .kt-inside-inner-col{display:flex;}.kadence-column164_c7d0ea-dd > .kt-inside-inner-col,.kadence-column164_c7d0ea-dd > .kt-inside-inner-col:before{border-top-left-radius:0px;border-top-right-radius:0px;border-bottom-right-radius:0px;border-bottom-left-radius:0px;}.kadence-column164_c7d0ea-dd > .kt-inside-inner-col{column-gap:var(--global-kb-gap-sm, 1rem);}.kadence-column164_c7d0ea-dd > .kt-inside-inner-col{flex-direction:column;align-items:center;}.kadence-column164_c7d0ea-dd > .kt-inside-inner-col > .kb-image-is-ratio-size{align-self:stretch;}.kadence-column164_c7d0ea-dd > .kt-inside-inner-col > .wp-block-kadence-advancedgallery{align-self:stretch;}.kadence-column164_c7d0ea-dd > .kt-inside-inner-col > .aligncenter{width:100%;}.kadence-column164_c7d0ea-dd > .kt-inside-inner-col:before{opacity:0.3;}.kadence-column164_c7d0ea-dd{text-align:left;}.kadence-column164_c7d0ea-dd{position:relative;}@media all and (max-width: 1024px){.kadence-column164_c7d0ea-dd > .kt-inside-inner-col{flex-direction:column;justify-content:center;align-items:center;}}@media all and (max-width: 767px){.kadence-column164_c7d0ea-dd > .kt-inside-inner-col{flex-direction:column;justify-content:center;align-items:center;}}<\/style>\n<div class=\"wp-block-kadence-column kadence-column164_c7d0ea-dd kb-section-dir-vertical\"><div class=\"kt-inside-inner-col\">\n<figure class=\"wp-block-image is-resized\"><img decoding=\"async\" width=\"780\" height=\"292\" src=\"https:\/\/altura-gestion.fr\/wp-content\/uploads\/2024\/03\/Capture-decran-2024-03-08-a-11.55.03.png\" alt=\"\" class=\"wp-image-406\" style=\"width:337px;height:auto\" srcset=\"https:\/\/altura-gestion.fr\/wp-content\/uploads\/2024\/03\/Capture-decran-2024-03-08-a-11.55.03.png 780w, https:\/\/altura-gestion.fr\/wp-content\/uploads\/2024\/03\/Capture-decran-2024-03-08-a-11.55.03-300x112.png 300w, https:\/\/altura-gestion.fr\/wp-content\/uploads\/2024\/03\/Capture-decran-2024-03-08-a-11.55.03-768x288.png 768w\" sizes=\"(max-width: 780px) 100vw, 780px\" \/><\/figure>\n<\/div><\/div>\n\n<\/div><\/div>","protected":false},"excerpt":{"rendered":"<p>Votre tranquillit\u00e9, notre priorit\u00e9 ! Chez Altura Gestion, nous avons conscience que la gestion locative efficace demande du temps, des comp\u00e9tences et une attention constante. C&rsquo;est pourquoi nous vous proposons notre expertise pour simplifier et optimiser la gestion de votre patrimoine immobilier. Altura Gestion s&rsquo;engage \u00e0 prendre en charge tous les aspects de la gestion&#8230;<\/p>\n","protected":false},"author":2,"featured_media":0,"parent":0,"menu_order":0,"comment_status":"closed","ping_status":"closed","template":"","meta":{"_eb_attr":"","_kad_post_transparent":"","_kad_post_title":"hide","_kad_post_layout":"normal","_kad_post_sidebar_id":"","_kad_post_content_style":"unboxed","_kad_post_vertical_padding":"","_kad_post_feature":"","_kad_post_feature_position":"","_kad_post_header":false,"_kad_post_footer":false,"_advanced_animation_props":"{\"animations\":{\"fade-in\":{\"id\":\"fade-in\",\"name\":\"fade in\",\"keyframes\":{\"0%\":{\"transform\":{},\"opacity\":\"0%\"},\"100%\":{\"transform\":{},\"opacity\":\"100%\"}}},\"fade-in-left\":{\"id\":\"fade-in-left\",\"name\":\"fade in left\",\"keyframes\":{\"0%\":{\"transform\":{\"translateX\":\"50px\"},\"opacity\":\"0%\"},\"100%\":{\"transform\":{\"translateX\":\"0px\"},\"opacity\":\"100%\"}}},\"fade-in-right\":{\"id\":\"fade-in-right\",\"name\":\"fade in right\",\"keyframes\":{\"0%\":{\"transform\":{\"translateX\":\"-50px\"},\"opacity\":\"0%\"},\"100%\":{\"transform\":{\"translateX\":\"0px\"},\"opacity\":\"100%\"}}},\"fade-in-top\":{\"id\":\"fade-in-top\",\"name\":\"fade in top\",\"keyframes\":{\"0%\":{\"transform\":{\"translateY\":\"50px\"},\"opacity\":\"0%\"},\"100%\":{\"transform\":{\"translateY\":\"0px\"},\"opacity\":\"100%\"}}},\"fade-in-down\":{\"id\":\"fade-in-down\",\"name\":\"fade in down\",\"keyframes\":{\"0%\":{\"transform\":{\"translateY\":\"-50px\"},\"opacity\":\"0%\"},\"100%\":{\"transform\":{\"translateY\":\"0px\"},\"opacity\":\"100%\"}}},\"zoom-in\":{\"id\":\"zoom-in\",\"name\":\"zoom in\",\"keyframes\":{\"0%\":{\"transform\":{\"scale\":\"70%\"},\"opacity\":\"0%\"},\"100%\":{\"transform\":{\"scale\":\"100%\"},\"opacity\":\"100%\"}}},\"zoom-out\":{\"id\":\"zoom-out\",\"name\":\"zoom out\",\"keyframes\":{\"0%\":{\"transform\":{\"scale\":\"130%\"},\"opacity\":\"0%\"},\"100%\":{\"transform\":{\"scale\":\"100%\"},\"opacity\":\"100%\"}}},\"scale-up\":{\"id\":\"scale-up\",\"name\":\"scale up\",\"keyframes\":{\"0%\":{\"transform\":{\"scale\":\"100%\"}},\"100%\":{\"transform\":{\"scale\":\"120%\"}}}},\"scale-down\":{\"id\":\"scale-down\",\"name\":\"scale down\",\"keyframes\":{\"0%\":{\"transform\":{\"scale\":\"100%\"}},\"100%\":{\"transform\":{\"scale\":\"80%\"}}}},\"clip-from-left\":{\"id\":\"clip-from-left\",\"name\":\"reveal from left\",\"keyframes\":{\"0%\":{\"clip-path\":\"inset(0% 100% 0% 0%)\"},\"100%\":{\"clip-path\":\"inset(0% 0% 0% 0%)\"}}},\"clip-from-right\":{\"id\":\"clip-from-right\",\"name\":\"reveal from right\",\"keyframes\":{\"0%\":{\"clip-path\":\"inset(0% 0% 0% 100%)\"},\"100%\":{\"clip-path\":\"inset(0% 0% 0% 0%)\"}}},\"clip-from-top\":{\"id\":\"clip-from-top\",\"name\":\"reveal from top\",\"keyframes\":{\"0%\":{\"clip-path\":\"inset(0% 0% 100% 0%)\"},\"100%\":{\"clip-path\":\"inset(0% 0% 0% 0%)\"}}},\"clip-from-bottom\":{\"id\":\"clip-from-bottom\",\"name\":\"reveal from bottom\",\"keyframes\":{\"0%\":{\"clip-path\":\"inset(100% 0% 0% 0%)\"},\"100%\":{\"clip-path\":\"inset(0% 0% 0% 0%)\"}}},\"text-rotate-intro\":{\"id\":\"text-rotate-intro\",\"name\":\"text rotate intro\",\"keyframes\":{\"0%\":{\"transform\":{\"rotate\":\"-10deg\",\"rotateX\":\"75deg\",\"rotateY\":\"0deg\"},\"opacity\":\"0%\"},\"100%\":{\"transform\":{\"rotate\":\"0deg\",\"rotateX\":\"0deg\",\"rotateY\":\"0deg\"},\"opacity\":\"100%\"}}},\"zoom-rotate\":{\"id\":\"zoom-rotate\",\"name\":\"zoom rotate\",\"keyframes\":{\"0%\":{\"transform\":{\"rotate\":\"180deg\",\"scale\":\"50%\"},\"opacity\":\"0%\"},\"100%\":{\"transform\":{\"rotate\":\"0deg\",\"scale\":\"100%\"},\"opacity\":\"100%\"}}},\"move-up\":{\"id\":\"move-up\",\"name\":\"move up\",\"keyframes\":{\"0%\":{\"transform\":{\"translateY\":\"100%\"}},\"100%\":{\"transform\":{\"translateY\":\"0%\"}}}},\"move-down\":{\"id\":\"move-down\",\"name\":\"move down\",\"keyframes\":{\"0%\":{\"transform\":{\"translateY\":\"-100-%\"}},\"100%\":{\"transform\":{\"translateY\":\"0%\"}}}},\"video-app-intro\":{\"id\":\"video-app-intro\",\"name\":\"video app intro\",\"keyframes\":{\"0%\":{\"transform\":{\"translateX\":\"-300px\",\"scale\":\"300%\",\"rotate\":\"90deg\"}},\"50%\":{\"transform\":{\"translateX\":\"-300px\",\"scale\":\"100%\",\"rotate\":\"0deg\"}},\"100%\":{\"transform\":{\"translateX\":\"0px\",\"scale\":\"100%\",\"rotate\":\"0deg\"}}}}},\"settings\":{\"693103d8-eead-4647-a3b5-35285224afea\":{\"fade-in-top\":{\"selector\":true,\"triggerType\":\"onVisible\",\"triggerTarget\":[],\"triggerOnce\":true,\"reverseTarget\":[],\"easing\":\"ease-in-out\",\"duration\":1,\"delay\":0,\"iterationCount\":1,\"direction\":\"normal\"}}}}","_advanced_custom_css":"","footnotes":""},"class_list":["post-164","page","type-page","status-publish","hentry"],"_links":{"self":[{"href":"https:\/\/altura-gestion.fr\/index.php\/wp-json\/wp\/v2\/pages\/164","targetHints":{"allow":["GET"]}}],"collection":[{"href":"https:\/\/altura-gestion.fr\/index.php\/wp-json\/wp\/v2\/pages"}],"about":[{"href":"https:\/\/altura-gestion.fr\/index.php\/wp-json\/wp\/v2\/types\/page"}],"author":[{"embeddable":true,"href":"https:\/\/altura-gestion.fr\/index.php\/wp-json\/wp\/v2\/users\/2"}],"replies":[{"embeddable":true,"href":"https:\/\/altura-gestion.fr\/index.php\/wp-json\/wp\/v2\/comments?post=164"}],"version-history":[{"count":36,"href":"https:\/\/altura-gestion.fr\/index.php\/wp-json\/wp\/v2\/pages\/164\/revisions"}],"predecessor-version":[{"id":445,"href":"https:\/\/altura-gestion.fr\/index.php\/wp-json\/wp\/v2\/pages\/164\/revisions\/445"}],"wp:attachment":[{"href":"https:\/\/altura-gestion.fr\/index.php\/wp-json\/wp\/v2\/media?parent=164"}],"curies":[{"name":"wp","href":"https:\/\/api.w.org\/{rel}","templated":true}]}}