{"id":156,"date":"2024-03-02T08:58:49","date_gmt":"2024-03-02T07:58:49","guid":{"rendered":"https:\/\/altura-gestion.fr\/?page_id=156"},"modified":"2025-09-09T13:49:42","modified_gmt":"2025-09-09T11:49:42","slug":"mentions-legales","status":"publish","type":"page","link":"https:\/\/altura-gestion.fr\/index.php\/mentions-legales\/","title":{"rendered":"Mentions l\u00e9gales"},"content":{"rendered":"\n<p class=\"\">Conform\u00e9ment aux dispositions des articles 6-III et 19 de la Loi n\u00b0 2004-575 du 21 juin 2004 pour la Confiance dans l\u2019\u00e9conomie num\u00e9rique, dite L.C.E.N., nous portons \u00e0 la connaissance des utilisateurs et visiteurs du site&nbsp;<a href=\"http:\/\/www.altura-gestion.fr\/\" target=\"_blank\" rel=\"noreferrer noopener\">www.altura-gestion.fr<\/a>&nbsp;les informations suivantes :<\/p>\n\n\n\n<h3 class=\"wp-block-heading\"><strong>\u00c9DITEUR<\/strong><\/h3>\n\n\n\n<p class=\"\">Le site&nbsp;<a href=\"http:\/\/www.altura-gestion.fr\/\" target=\"_blank\" rel=\"noreferrer noopener\">www.altura-gestion.fr<\/a>&nbsp;est la propri\u00e9t\u00e9 exclusive de&nbsp;<strong>Altura Gestion :<\/strong><\/p>\n\n\n\n<p class=\"\"><strong>SARL\u00a0<\/strong>au capital de<strong>\u00a01 000\u20ac\u00a0<\/strong><br>T\u00e9l\u00a0 :\u00a0<strong>06 46 63 32 34<\/strong><br>Adresse de courrier \u00e9lectronique :<strong>\u00a0<\/strong><a href=\"mailto:sophie@altura-gestion.fr\" target=\"_blank\" rel=\"noreferrer noopener\">sophie@altura-gestion.fr<\/a><\/p>\n\n\n\n<p class=\"\">Si\u00e8ge social :<strong>&nbsp;197 Boulevard Cl\u00e9menceau, 59 700 MARCQ-EN-BAROEUL<\/strong><\/p>\n\n\n\n<p class=\"\">Immatricul\u00e9e au Registre du Commerce et des Soci\u00e9t\u00e9s sous le num\u00e9ro<strong>\u00a0<\/strong>:<strong>\u00a0983 105 701\u00a0<br><\/strong>Num\u00e9ro TVA intracommunautaire :\u00a0<strong>FR08983105701<\/strong><br>Directeur de la\u00a0publication\u00a0:\u00a0<strong>Sophie GRYSON<\/strong><\/p>\n\n\n\n<h3 class=\"wp-block-heading\"><strong>H\u00c9BERGEMENT<\/strong><\/h3>\n\n\n\n<p class=\"\">Le site est h\u00e9berg\u00e9&nbsp;par OVH.<br><strong>OVH<\/strong><br>09 72 10 10 07<br>2 rue Kellermann<br>BP 80157<br>59053 Roubaix Cedex 1<\/p>\n\n\n\n<p class=\"\">France<\/p>\n\n\n\n<h3 class=\"wp-block-heading\"><strong>DESCRIPTION DES SERVICES FOURNIS<\/strong><\/h3>\n\n\n\n<p class=\"\">Le site&nbsp;<a href=\"http:\/\/www.altura-gestion.fr\/\" target=\"_blank\" rel=\"noreferrer noopener\">www.altura-gestion.fr<\/a>&nbsp;a pour objet de fournir une information concernant l\u2019ensemble des activit\u00e9s de la soci\u00e9t\u00e9. Le propri\u00e9taire du site s\u2019efforce de fournir sur le site&nbsp;<a href=\"http:\/\/www.altura-gestion.fr\/\" target=\"_blank\" rel=\"noreferrer noopener\">www.altura-gestion.fr<\/a>&nbsp;des informations aussi pr\u00e9cises que possible. Toutefois, il ne pourra \u00eatre tenu responsable des omissions, des inexactitudes et des carences dans la mise \u00e0 jour, qu\u2019elles soient de son fait ou du fait des tiers partenaires qui lui fournissent ces informations. Tous les informations propos\u00e9es sur le site&nbsp;<a href=\"http:\/\/www.altura-gestion.fr\/\" target=\"_blank\" rel=\"noreferrer noopener\">www.altura-gestion.fr<\/a>&nbsp;sont donn\u00e9es \u00e0 titre indicatif, sont non exhaustives, et sont susceptibles d\u2019\u00e9voluer. Elles sont donn\u00e9es sous r\u00e9serve de modifications ayant \u00e9t\u00e9 apport\u00e9es depuis leur mise en ligne.&nbsp;&nbsp;<\/p>\n\n\n\n<h3 class=\"wp-block-heading\"><strong>PROPRI\u00c9T\u00c9 INTELLECTUELLE ET CONTREFA\u00c7ONS<\/strong><\/h3>\n\n\n\n<p class=\"\">Le propri\u00e9taire du site est propri\u00e9taire des droits de propri\u00e9t\u00e9 intellectuelle ou d\u00e9tient les droits d\u2019usage sur tous les \u00e9l\u00e9ments accessibles sur le site, notamment les textes, images, graphismes, logo, ic\u00f4nes, sons, logiciels\u2026 Toute reproduction, repr\u00e9sentation, modification, publication, adaptation totale ou partielle des \u00e9l\u00e9ments du site, quel que soit le moyen ou le proc\u00e9d\u00e9 utilis\u00e9, est interdite. Toute exploitation non autoris\u00e9e du site ou d\u2019un ou plusieurs des \u00e9l\u00e9ments qu\u2019il contient sera consid\u00e9r\u00e9e comme constitutive d\u2019une contrefa\u00e7on et poursuivie conform\u00e9ment aux dispositions des articles L.335-2 et suivants du Code de Propri\u00e9t\u00e9 Intellectuelle. &nbsp;<\/p>\n\n\n\n<h3 class=\"wp-block-heading\"><strong>COOKIES<\/strong><\/h3>\n\n\n\n<p class=\"\">L\u2019utilisateur est inform\u00e9 que lors de ses visites sur le site&nbsp;<a href=\"http:\/\/www.altura-gestion.fr\/\" target=\"_blank\" rel=\"noreferrer noopener\">www.altura-gestion.fr<\/a>, un ou des cookies sont susceptibles de s\u2019installer automatiquement sur son ordinateur. Un cookie est un fichier de petite taille, qui ne permet pas l\u2019identification de l\u2019utilisateur, mais qui enregistre des informations relatives \u00e0 la navigation d\u2019un ordinateur sur un site. Les donn\u00e9es ainsi obtenues visent \u00e0 faciliter la navigation ult\u00e9rieure sur le site. Le refus d\u2019installation d\u2019un cookie peut entra\u00eener l\u2019impossibilit\u00e9 d\u2019acc\u00e9der \u00e0 certains services.&nbsp;<\/p>\n\n\n\n<h3 class=\"wp-block-heading\"><strong>PROTECTION DES BIENS ET DES PERSONNES \u2013 GESTION DES DONN\u00c9ES PERSONNELLES<\/strong><\/h3>\n\n\n\n<p class=\"\">En France, les donn\u00e9es personnelles sont notamment prot\u00e9g\u00e9es par la loi n\u00b0 78-87 du 6 janvier 1978, la loi n\u00b0 2004-801 du 6 ao\u00fbt 2004, l\u2019article L. 226-13 du Code p\u00e9nal et la Directive Europ\u00e9enne du 24 octobre 1995.<\/p>\n\n\n\n<p class=\"\">Le propri\u00e9taire du site ne collecte des informations personnelles relatives \u00e0 l\u2019utilisateur que pour le besoin de certains services propos\u00e9s par le site&nbsp;<a href=\"http:\/\/www.altura-gestion.fr\/\" target=\"_blank\" rel=\"noreferrer noopener\">www.altura-gestion.fr<\/a>. L\u2019utilisateur fournit ces informations en toute connaissance de cause, notamment lorsqu\u2019il proc\u00e8de par lui-m\u00eame \u00e0 leur saisie. Il est alors pr\u00e9cis\u00e9 \u00e0 l\u2019utilisateur du site&nbsp;<a href=\"http:\/\/www.altura-gestion.fr\/\" target=\"_blank\" rel=\"noreferrer noopener\">www.altura-gestion.fr<\/a>&nbsp;l\u2019obligation ou non de fournir ces informations. Conform\u00e9ment aux dispositions des articles 38 et suivants de la loi 78-17 du 6 janvier 1978 relative \u00e0 l\u2019informatique, aux fichiers et aux libert\u00e9s, tout utilisateur dispose d\u2019un droit d\u2019acc\u00e8s, de rectification, de suppression et d\u2019opposition aux donn\u00e9es personnelles le concernant. Pour l\u2019exercer, adressez votre demande \u00e0&nbsp;<a href=\"mailto:sophie@altura-gestion.fr\" target=\"_blank\" rel=\"noreferrer noopener\">sophie@altura-gestion.fr<\/a>&nbsp;par email.<\/p>\n\n\n\n<p class=\"\">Aucune information personnelle de l\u2019utilisateur du site&nbsp;<a href=\"http:\/\/www.altura-gestion.fr\/\" target=\"_blank\" rel=\"noreferrer noopener\">www.altura-gestion.fr<\/a>&nbsp;n\u2019est publi\u00e9e \u00e0 son insu, ni \u00e9chang\u00e9e, transf\u00e9r\u00e9e, c\u00e9d\u00e9e ou vendue sur un support quelconque \u00e0 des tiers.&nbsp;<\/p>\n\n\n\n<p class=\"\">Voir notre politique RGPD&nbsp;&nbsp;<a href=\"https:\/\/altura-gestion.fr\/index.php\/protection-des-donnees\/\">https:\/\/altura-gestion.fr\/index.php\/protection-des-donnees\/<\/a><\/p>\n\n\n\n<p class=\"\">Les bases de donn\u00e9es sont prot\u00e9g\u00e9es par les dispositions de la loi du 1er juillet 1998 transposant la directive 96\/9 du 11 mars 1996 relative \u00e0 la protection juridique des bases de donn\u00e9es.<\/p>\n\n\n\n<p class=\"\"><\/p>\n","protected":false},"excerpt":{"rendered":"<p>Conform\u00e9ment aux dispositions des articles 6-III et 19 de la Loi n\u00b0 2004-575 du 21 juin 2004 pour la Confiance dans l\u2019\u00e9conomie num\u00e9rique, dite L.C.E.N., nous portons \u00e0 la connaissance des utilisateurs et visiteurs du site&nbsp;www.altura-gestion.fr&nbsp;les informations suivantes : \u00c9DITEUR Le site&nbsp;www.altura-gestion.fr&nbsp;est la propri\u00e9t\u00e9 exclusive de&nbsp;Altura Gestion : SARL\u00a0au capital de\u00a01 000\u20ac\u00a0T\u00e9l\u00a0 :\u00a006 46 63&#8230;<\/p>\n","protected":false},"author":2,"featured_media":0,"parent":0,"menu_order":0,"comment_status":"closed","ping_status":"closed","template":"","meta":{"_eb_attr":"","_kad_post_transparent":"disable","_kad_post_title":"hide","_kad_post_layout":"normal","_kad_post_sidebar_id":"","_kad_post_content_style":"unboxed","_kad_post_vertical_padding":"","_kad_post_feature":"","_kad_post_feature_position":"","_kad_post_header":false,"_kad_post_footer":false,"_advanced_animation_props":"{\"animations\":{\"fade-in\":{\"id\":\"fade-in\",\"name\":\"fade in\",\"keyframes\":{\"0%\":{\"transform\":{},\"opacity\":\"0%\"},\"100%\":{\"transform\":{},\"opacity\":\"100%\"}}},\"fade-in-left\":{\"id\":\"fade-in-left\",\"name\":\"fade in left\",\"keyframes\":{\"0%\":{\"transform\":{\"translateX\":\"50px\"},\"opacity\":\"0%\"},\"100%\":{\"transform\":{\"translateX\":\"0px\"},\"opacity\":\"100%\"}}},\"fade-in-right\":{\"id\":\"fade-in-right\",\"name\":\"fade in right\",\"keyframes\":{\"0%\":{\"transform\":{\"translateX\":\"-50px\"},\"opacity\":\"0%\"},\"100%\":{\"transform\":{\"translateX\":\"0px\"},\"opacity\":\"100%\"}}},\"fade-in-top\":{\"id\":\"fade-in-top\",\"name\":\"fade in top\",\"keyframes\":{\"0%\":{\"transform\":{\"translateY\":\"50px\"},\"opacity\":\"0%\"},\"100%\":{\"transform\":{\"translateY\":\"0px\"},\"opacity\":\"100%\"}}},\"fade-in-down\":{\"id\":\"fade-in-down\",\"name\":\"fade in down\",\"keyframes\":{\"0%\":{\"transform\":{\"translateY\":\"-50px\"},\"opacity\":\"0%\"},\"100%\":{\"transform\":{\"translateY\":\"0px\"},\"opacity\":\"100%\"}}},\"zoom-in\":{\"id\":\"zoom-in\",\"name\":\"zoom in\",\"keyframes\":{\"0%\":{\"transform\":{\"scale\":\"70%\"},\"opacity\":\"0%\"},\"100%\":{\"transform\":{\"scale\":\"100%\"},\"opacity\":\"100%\"}}},\"zoom-out\":{\"id\":\"zoom-out\",\"name\":\"zoom out\",\"keyframes\":{\"0%\":{\"transform\":{\"scale\":\"130%\"},\"opacity\":\"0%\"},\"100%\":{\"transform\":{\"scale\":\"100%\"},\"opacity\":\"100%\"}}},\"scale-up\":{\"id\":\"scale-up\",\"name\":\"scale up\",\"keyframes\":{\"0%\":{\"transform\":{\"scale\":\"100%\"}},\"100%\":{\"transform\":{\"scale\":\"120%\"}}}},\"scale-down\":{\"id\":\"scale-down\",\"name\":\"scale down\",\"keyframes\":{\"0%\":{\"transform\":{\"scale\":\"100%\"}},\"100%\":{\"transform\":{\"scale\":\"80%\"}}}},\"clip-from-left\":{\"id\":\"clip-from-left\",\"name\":\"reveal from left\",\"keyframes\":{\"0%\":{\"clip-path\":\"inset(0% 100% 0% 0%)\"},\"100%\":{\"clip-path\":\"inset(0% 0% 0% 0%)\"}}},\"clip-from-right\":{\"id\":\"clip-from-right\",\"name\":\"reveal from right\",\"keyframes\":{\"0%\":{\"clip-path\":\"inset(0% 0% 0% 100%)\"},\"100%\":{\"clip-path\":\"inset(0% 0% 0% 0%)\"}}},\"clip-from-top\":{\"id\":\"clip-from-top\",\"name\":\"reveal from top\",\"keyframes\":{\"0%\":{\"clip-path\":\"inset(0% 0% 100% 0%)\"},\"100%\":{\"clip-path\":\"inset(0% 0% 0% 0%)\"}}},\"clip-from-bottom\":{\"id\":\"clip-from-bottom\",\"name\":\"reveal from bottom\",\"keyframes\":{\"0%\":{\"clip-path\":\"inset(100% 0% 0% 0%)\"},\"100%\":{\"clip-path\":\"inset(0% 0% 0% 0%)\"}}},\"text-rotate-intro\":{\"id\":\"text-rotate-intro\",\"name\":\"text rotate intro\",\"keyframes\":{\"0%\":{\"transform\":{\"rotate\":\"-10deg\",\"rotateX\":\"75deg\",\"rotateY\":\"0deg\"},\"opacity\":\"0%\"},\"100%\":{\"transform\":{\"rotate\":\"0deg\",\"rotateX\":\"0deg\",\"rotateY\":\"0deg\"},\"opacity\":\"100%\"}}},\"zoom-rotate\":{\"id\":\"zoom-rotate\",\"name\":\"zoom rotate\",\"keyframes\":{\"0%\":{\"transform\":{\"rotate\":\"180deg\",\"scale\":\"50%\"},\"opacity\":\"0%\"},\"100%\":{\"transform\":{\"rotate\":\"0deg\",\"scale\":\"100%\"},\"opacity\":\"100%\"}}},\"move-up\":{\"id\":\"move-up\",\"name\":\"move up\",\"keyframes\":{\"0%\":{\"transform\":{\"translateY\":\"100%\"}},\"100%\":{\"transform\":{\"translateY\":\"0%\"}}}},\"move-down\":{\"id\":\"move-down\",\"name\":\"move down\",\"keyframes\":{\"0%\":{\"transform\":{\"translateY\":\"-100-%\"}},\"100%\":{\"transform\":{\"translateY\":\"0%\"}}}},\"video-app-intro\":{\"id\":\"video-app-intro\",\"name\":\"video app intro\",\"keyframes\":{\"0%\":{\"transform\":{\"translateX\":\"-300px\",\"scale\":\"300%\",\"rotate\":\"90deg\"}},\"50%\":{\"transform\":{\"translateX\":\"-300px\",\"scale\":\"100%\",\"rotate\":\"0deg\"}},\"100%\":{\"transform\":{\"translateX\":\"0px\",\"scale\":\"100%\",\"rotate\":\"0deg\"}}}}},\"settings\":{}}","_advanced_custom_css":"","footnotes":""},"class_list":["post-156","page","type-page","status-publish","hentry"],"_links":{"self":[{"href":"https:\/\/altura-gestion.fr\/index.php\/wp-json\/wp\/v2\/pages\/156","targetHints":{"allow":["GET"]}}],"collection":[{"href":"https:\/\/altura-gestion.fr\/index.php\/wp-json\/wp\/v2\/pages"}],"about":[{"href":"https:\/\/altura-gestion.fr\/index.php\/wp-json\/wp\/v2\/types\/page"}],"author":[{"embeddable":true,"href":"https:\/\/altura-gestion.fr\/index.php\/wp-json\/wp\/v2\/users\/2"}],"replies":[{"embeddable":true,"href":"https:\/\/altura-gestion.fr\/index.php\/wp-json\/wp\/v2\/comments?post=156"}],"version-history":[{"count":7,"href":"https:\/\/altura-gestion.fr\/index.php\/wp-json\/wp\/v2\/pages\/156\/revisions"}],"predecessor-version":[{"id":2048,"href":"https:\/\/altura-gestion.fr\/index.php\/wp-json\/wp\/v2\/pages\/156\/revisions\/2048"}],"wp:attachment":[{"href":"https:\/\/altura-gestion.fr\/index.php\/wp-json\/wp\/v2\/media?parent=156"}],"curies":[{"name":"wp","href":"https:\/\/api.w.org\/{rel}","templated":true}]}}