{"id":1076,"date":"2024-04-10T14:59:37","date_gmt":"2024-04-10T12:59:37","guid":{"rendered":"https:\/\/altura-gestion.fr\/?page_id=1076"},"modified":"2026-02-06T15:40:36","modified_gmt":"2026-02-06T14:40:36","slug":"10-rue-delphin-petit-3eme-etage-lille","status":"publish","type":"page","link":"https:\/\/altura-gestion.fr\/index.php\/10-rue-delphin-petit-3eme-etage-lille\/","title":{"rendered":"33 rue du Bastion Saint Andr\u00e9, LILLE"},"content":{"rendered":"\n<div class=\"wp-block-essential-blocks-slider root-eb-slider-kwodw\"><div class=\"eb-parent-wrapper eb-parent-eb-slider-kwodw \"><div class=\"eb-slider-wrapper eb-slider-kwodw\" data-blockid=\"eb-slider-kwodw\" data-version=\"v4\" data-settings=\"eyJhcnJvd3MiOnRydWUsImFkYXB0aXZlSGVpZ2h0Ijp0cnVlLCJhdXRvcGxheSI6dHJ1ZSwiYXV0b3BsYXlTcGVlZCI6NjAwMCwiZG90cyI6dHJ1ZSwiZmFkZSI6ZmFsc2UsImluZmluaXRlIjp0cnVlLCJwYXVzZU9uSG92ZXIiOnRydWUsInNsaWRlc1RvU2hvdyI6MSwic3BlZWQiOjUwMCwidmVydGljYWwiOmZhbHNlLCJjdXJyZW50U2xpZGUiOjAsInJ0bCI6ZmFsc2UsInJlc3BvbnNpdmUiOlt7ImJyZWFrcG9pbnQiOjEwMjUsInNldHRpbmdzIjp7InNsaWRlc1RvU2hvdyI6MX19LHsiYnJlYWtwb2ludCI6NzY3LCJzZXR0aW5ncyI6eyJzbGlkZXNUb1Nob3ciOjF9fV19\" data-arrownexticon=\"fas fa-chevron-right\" data-arrowprevicon=\"fas fa-chevron-left\" data-lightbox=\"false\"><div class=\"eb-slider-init eb-slider-type-image\"><div class=\"eb-slider-item content-1\" data-src=\"http:\/\/altura-gestion.fr\/wp-content\/uploads\/2026\/02\/IMG_9899.png\"><div><img class=\"eb-slider-image\" data-lazy=\"http:\/\/altura-gestion.fr\/wp-content\/uploads\/2026\/02\/IMG_9899.png\"\/><\/div><\/div><div class=\"eb-slider-item content-1\" data-src=\"http:\/\/altura-gestion.fr\/wp-content\/uploads\/2025\/11\/IMG_8500-scaled.jpg\"><div><img class=\"eb-slider-image\" data-lazy=\"http:\/\/altura-gestion.fr\/wp-content\/uploads\/2025\/11\/IMG_8500-scaled.jpg\"\/><\/div><\/div><div class=\"eb-slider-item content-1\" data-src=\"http:\/\/altura-gestion.fr\/wp-content\/uploads\/2025\/11\/IMG_8508-1-scaled.jpeg\"><div><img class=\"eb-slider-image\" data-lazy=\"http:\/\/altura-gestion.fr\/wp-content\/uploads\/2025\/11\/IMG_8508-1-scaled.jpeg\"\/><\/div><\/div><div class=\"eb-slider-item content-1\" data-src=\"http:\/\/altura-gestion.fr\/wp-content\/uploads\/2025\/11\/IMG_8489-scaled.jpg\"><div><img class=\"eb-slider-image\" data-lazy=\"http:\/\/altura-gestion.fr\/wp-content\/uploads\/2025\/11\/IMG_8489-scaled.jpg\"\/><\/div><\/div><div class=\"eb-slider-item content-1\" data-src=\"http:\/\/altura-gestion.fr\/wp-content\/uploads\/2025\/11\/IMG_8481-scaled.jpg\"><div><img class=\"eb-slider-image\" data-lazy=\"http:\/\/altura-gestion.fr\/wp-content\/uploads\/2025\/11\/IMG_8481-scaled.jpg\"\/><\/div><\/div><\/div><\/div><\/div><\/div>\n\n\n\n<div class=\"wp-block-essential-blocks-advanced-heading  root-eb-advance-heading-t4ct4 animation-4abb4926-9ff9-4587-a449-37bc59c34719\"><div class=\"eb-parent-wrapper eb-parent-eb-advance-heading-t4ct4 \"><div class=\"eb-advance-heading-wrapper eb-advance-heading-t4ct4 button-1 undefined\" data-id=\"eb-advance-heading-t4ct4\"><h2 class=\"eb-ah-title\"><span class=\"first-title\">Beau T3 avec balcon et garage \u00e0 Lille !  <\/span><\/h2><\/div><\/div><\/div>\n\n\n\n<p class=\"\"><br>Joli T3 de 65,13m2 situ\u00e9 33 rue du Bastion Saint Andr\u00e9 \u00e0 Lille. Cet appartement comprend une grande entr\u00e9e avec placards, une pi\u00e8ce de vie donnant sur un balcon, une cuisine s\u00e9par\u00e9e enti\u00e8rement am\u00e9nag\u00e9e et \u00e9quip\u00e9e (plaques, hotte, four, frigo, cong\u00e9lateur, lave-vaisselle). Deux chambres, dont une avec un grand placard, une salle de bain avec baignoire, meuble vasque, machine \u00e0 laver, et des WC s\u00e9par\u00e9s.<\/p>\n\n\n\n<p class=\"\">Possibilit\u00e9 de louer un garage dans la r\u00e9sidence en sus : 110\u20ac\/mois.<\/p>\n\n\n\n<p class=\"\">Honoraires :\u00a013\u20ac\/m2\u00a0 \u00a0 D\u00e9p\u00f4t de garantie : 1 960\u20ac<\/p>\n\n\n\n<p class=\"\">Zone soumise \u00e0 l&rsquo;encadrement des loyers : Loyer de r\u00e9f\u00e9rence 13,1\u20ac\/m2 &amp; Loyer major\u00e9 : 15,7\u20ac\/m2<\/p>\n\n\n\n<p class=\"\">Loyer : 980\u20ac <br>Charges : 110\u20ac (eau froide et entretien des parties communes)<\/p>\n\n\n\n<p class=\"\">Disponible de suite.<\/p>\n\n\n\n<p class=\"\">Les informations sur les risques auxquels ce bien est expos\u00e9 sont disponibles sur le site G\u00e9orisques&nbsp;<a href=\"https:\/\/www.georisques.gouv.fr\/\" target=\"_blank\" rel=\"noreferrer noopener\">https:\/\/www.georisques.gouv.fr\/<\/a><\/p>\n\n\n<style>.kadence-column1076_8d4e4d-4a > .kt-inside-inner-col,.kadence-column1076_8d4e4d-4a > .kt-inside-inner-col:before{border-top-left-radius:0px;border-top-right-radius:0px;border-bottom-right-radius:0px;border-bottom-left-radius:0px;}.kadence-column1076_8d4e4d-4a > .kt-inside-inner-col{column-gap:var(--global-kb-gap-sm, 1rem);}.kadence-column1076_8d4e4d-4a > .kt-inside-inner-col{flex-direction:column;}.kadence-column1076_8d4e4d-4a > .kt-inside-inner-col > .aligncenter{width:100%;}.kadence-column1076_8d4e4d-4a > .kt-inside-inner-col:before{opacity:0.3;}.kadence-column1076_8d4e4d-4a{position:relative;}@media all and (max-width: 1024px){.kadence-column1076_8d4e4d-4a > .kt-inside-inner-col{flex-direction:column;justify-content:center;}}@media all and (max-width: 767px){.kadence-column1076_8d4e4d-4a > .kt-inside-inner-col{flex-direction:column;justify-content:center;}}<\/style>\n<div class=\"wp-block-kadence-column kadence-column1076_8d4e4d-4a\"><div class=\"kt-inside-inner-col\"><style>.kb-row-layout-id1076_9919cd-9c > .kt-row-column-wrap{align-content:start;}:where(.kb-row-layout-id1076_9919cd-9c > .kt-row-column-wrap) > .wp-block-kadence-column{justify-content:start;}.kb-row-layout-id1076_9919cd-9c > .kt-row-column-wrap{column-gap:var(--global-kb-gap-md, 2rem);row-gap:var(--global-kb-gap-md, 2rem);padding-top:var(--global-kb-spacing-sm, 1.5rem);padding-bottom:var(--global-kb-spacing-sm, 1.5rem);grid-template-columns:repeat(2, minmax(0, 1fr));}.kb-row-layout-id1076_9919cd-9c > .kt-row-layout-overlay{opacity:0.30;}@media all and (max-width: 1024px){.kb-row-layout-id1076_9919cd-9c > .kt-row-column-wrap{grid-template-columns:repeat(2, minmax(0, 1fr));}}@media all and (max-width: 767px){.kb-row-layout-id1076_9919cd-9c > .kt-row-column-wrap{grid-template-columns:minmax(0, 1fr);}}<\/style><div class=\"kb-row-layout-wrap kb-row-layout-id1076_9919cd-9c alignnone wp-block-kadence-rowlayout\"><div class=\"kt-row-column-wrap kt-has-2-columns kt-row-layout-equal kt-tab-layout-inherit kt-mobile-layout-row kt-row-valign-top\">\n<style>.kadence-column1076_aec785-c1 > .kt-inside-inner-col,.kadence-column1076_aec785-c1 > .kt-inside-inner-col:before{border-top-left-radius:0px;border-top-right-radius:0px;border-bottom-right-radius:0px;border-bottom-left-radius:0px;}.kadence-column1076_aec785-c1 > .kt-inside-inner-col{column-gap:var(--global-kb-gap-sm, 1rem);}.kadence-column1076_aec785-c1 > .kt-inside-inner-col{flex-direction:column;}.kadence-column1076_aec785-c1 > .kt-inside-inner-col > .aligncenter{width:100%;}.kadence-column1076_aec785-c1 > .kt-inside-inner-col:before{opacity:0.3;}.kadence-column1076_aec785-c1{position:relative;}@media all and (max-width: 1024px){.kadence-column1076_aec785-c1 > .kt-inside-inner-col{flex-direction:column;justify-content:center;}}@media all and (max-width: 767px){.kadence-column1076_aec785-c1 > .kt-inside-inner-col{flex-direction:column;justify-content:center;}}<\/style>\n<div class=\"wp-block-kadence-column kadence-column1076_aec785-c1\"><div class=\"kt-inside-inner-col\">\n<p class=\"has-text-align-center has-text-color has-link-color wp-elements-3ffe3657a20c776a7500bf451b2da8a2\" style=\"color:#8a8a8a\">Diagnostic de performance \u00e9nerg\u00e9tique<\/p>\n\n\n<div class=\"wp-block-image\">\n<figure class=\"aligncenter size-full is-resized\"><img fetchpriority=\"high\" decoding=\"async\" width=\"334\" height=\"346\" src=\"http:\/\/altura-gestion.fr\/wp-content\/uploads\/2024\/03\/Capture-decran-2024-03-18-a-16.50.00.png\" alt=\"\" class=\"wp-image-843\" style=\"width:175px\" srcset=\"https:\/\/altura-gestion.fr\/wp-content\/uploads\/2024\/03\/Capture-decran-2024-03-18-a-16.50.00.png 334w, https:\/\/altura-gestion.fr\/wp-content\/uploads\/2024\/03\/Capture-decran-2024-03-18-a-16.50.00-290x300.png 290w\" sizes=\"(max-width: 334px) 100vw, 334px\" \/><\/figure>\n<\/div><\/div><\/div>\n\n\n<style>.kadence-column1076_bc57ec-c7 > .kt-inside-inner-col,.kadence-column1076_bc57ec-c7 > .kt-inside-inner-col:before{border-top-left-radius:0px;border-top-right-radius:0px;border-bottom-right-radius:0px;border-bottom-left-radius:0px;}.kadence-column1076_bc57ec-c7 > .kt-inside-inner-col{column-gap:var(--global-kb-gap-sm, 1rem);}.kadence-column1076_bc57ec-c7 > .kt-inside-inner-col{flex-direction:column;}.kadence-column1076_bc57ec-c7 > .kt-inside-inner-col > .aligncenter{width:100%;}.kadence-column1076_bc57ec-c7 > .kt-inside-inner-col:before{opacity:0.3;}.kadence-column1076_bc57ec-c7{position:relative;}@media all and (max-width: 1024px){.kadence-column1076_bc57ec-c7 > .kt-inside-inner-col{flex-direction:column;justify-content:center;}}@media all and (max-width: 767px){.kadence-column1076_bc57ec-c7 > .kt-inside-inner-col{flex-direction:column;justify-content:center;}}<\/style>\n<div class=\"wp-block-kadence-column kadence-column1076_bc57ec-c7\"><div class=\"kt-inside-inner-col\">\n<p class=\"has-text-align-center has-text-color has-link-color wp-elements-7d16f7fed20d44957544045cb654a55e\" style=\"color:#8a8a8a\">Indice d&rsquo;\u00e9mission de gaz \u00e0 effet de serre<\/p>\n\n\n<div class=\"wp-block-image\">\n<figure class=\"aligncenter size-full is-resized\"><img decoding=\"async\" width=\"340\" height=\"354\" src=\"http:\/\/altura-gestion.fr\/wp-content\/uploads\/2024\/03\/Capture-decran-2024-03-18-a-16.49.18.png\" alt=\"\" class=\"wp-image-840\" style=\"width:175px\" srcset=\"https:\/\/altura-gestion.fr\/wp-content\/uploads\/2024\/03\/Capture-decran-2024-03-18-a-16.49.18.png 340w, https:\/\/altura-gestion.fr\/wp-content\/uploads\/2024\/03\/Capture-decran-2024-03-18-a-16.49.18-288x300.png 288w\" sizes=\"(max-width: 340px) 100vw, 340px\" \/><\/figure>\n<\/div><\/div><\/div>\n\n<\/div><\/div><\/div><\/div>\n","protected":false},"excerpt":{"rendered":"<p>Joli T3 de 65,13m2 situ\u00e9 33 rue du Bastion Saint Andr\u00e9 \u00e0 Lille. Cet appartement comprend une grande entr\u00e9e avec placards, une pi\u00e8ce de vie donnant sur un balcon, une cuisine s\u00e9par\u00e9e enti\u00e8rement am\u00e9nag\u00e9e et \u00e9quip\u00e9e (plaques, hotte, four, frigo, cong\u00e9lateur, lave-vaisselle). Deux chambres, dont une avec un grand placard, une salle de bain avec&#8230;<\/p>\n","protected":false},"author":1,"featured_media":0,"parent":0,"menu_order":0,"comment_status":"closed","ping_status":"closed","template":"","meta":{"_eb_attr":"","_kad_post_transparent":"","_kad_post_title":"hide","_kad_post_layout":"","_kad_post_sidebar_id":"","_kad_post_content_style":"","_kad_post_vertical_padding":"","_kad_post_feature":"","_kad_post_feature_position":"","_kad_post_header":false,"_kad_post_footer":false,"_advanced_animation_props":"{\"animations\":{\"fade-in\":{\"id\":\"fade-in\",\"name\":\"fade in\",\"keyframes\":{\"0%\":{\"transform\":{},\"opacity\":\"0%\"},\"100%\":{\"transform\":{},\"opacity\":\"100%\"}}},\"fade-in-left\":{\"id\":\"fade-in-left\",\"name\":\"fade in left\",\"keyframes\":{\"0%\":{\"transform\":{\"translateX\":\"50px\"},\"opacity\":\"0%\"},\"100%\":{\"transform\":{\"translateX\":\"0px\"},\"opacity\":\"100%\"}}},\"fade-in-right\":{\"id\":\"fade-in-right\",\"name\":\"fade in right\",\"keyframes\":{\"0%\":{\"transform\":{\"translateX\":\"-50px\"},\"opacity\":\"0%\"},\"100%\":{\"transform\":{\"translateX\":\"0px\"},\"opacity\":\"100%\"}}},\"fade-in-top\":{\"id\":\"fade-in-top\",\"name\":\"fade in top\",\"keyframes\":{\"0%\":{\"transform\":{\"translateY\":\"50px\"},\"opacity\":\"0%\"},\"100%\":{\"transform\":{\"translateY\":\"0px\"},\"opacity\":\"100%\"}}},\"fade-in-down\":{\"id\":\"fade-in-down\",\"name\":\"fade in down\",\"keyframes\":{\"0%\":{\"transform\":{\"translateY\":\"-50px\"},\"opacity\":\"0%\"},\"100%\":{\"transform\":{\"translateY\":\"0px\"},\"opacity\":\"100%\"}}},\"zoom-in\":{\"id\":\"zoom-in\",\"name\":\"zoom in\",\"keyframes\":{\"0%\":{\"transform\":{\"scale\":\"70%\"},\"opacity\":\"0%\"},\"100%\":{\"transform\":{\"scale\":\"100%\"},\"opacity\":\"100%\"}}},\"zoom-out\":{\"id\":\"zoom-out\",\"name\":\"zoom out\",\"keyframes\":{\"0%\":{\"transform\":{\"scale\":\"130%\"},\"opacity\":\"0%\"},\"100%\":{\"transform\":{\"scale\":\"100%\"},\"opacity\":\"100%\"}}},\"scale-up\":{\"id\":\"scale-up\",\"name\":\"scale up\",\"keyframes\":{\"0%\":{\"transform\":{\"scale\":\"100%\"}},\"100%\":{\"transform\":{\"scale\":\"120%\"}}}},\"scale-down\":{\"id\":\"scale-down\",\"name\":\"scale down\",\"keyframes\":{\"0%\":{\"transform\":{\"scale\":\"100%\"}},\"100%\":{\"transform\":{\"scale\":\"80%\"}}}},\"clip-from-left\":{\"id\":\"clip-from-left\",\"name\":\"reveal from left\",\"keyframes\":{\"0%\":{\"clip-path\":\"inset(0% 100% 0% 0%)\"},\"100%\":{\"clip-path\":\"inset(0% 0% 0% 0%)\"}}},\"clip-from-right\":{\"id\":\"clip-from-right\",\"name\":\"reveal from right\",\"keyframes\":{\"0%\":{\"clip-path\":\"inset(0% 0% 0% 100%)\"},\"100%\":{\"clip-path\":\"inset(0% 0% 0% 0%)\"}}},\"clip-from-top\":{\"id\":\"clip-from-top\",\"name\":\"reveal from top\",\"keyframes\":{\"0%\":{\"clip-path\":\"inset(0% 0% 100% 0%)\"},\"100%\":{\"clip-path\":\"inset(0% 0% 0% 0%)\"}}},\"clip-from-bottom\":{\"id\":\"clip-from-bottom\",\"name\":\"reveal from bottom\",\"keyframes\":{\"0%\":{\"clip-path\":\"inset(100% 0% 0% 0%)\"},\"100%\":{\"clip-path\":\"inset(0% 0% 0% 0%)\"}}},\"text-rotate-intro\":{\"id\":\"text-rotate-intro\",\"name\":\"text rotate intro\",\"keyframes\":{\"0%\":{\"transform\":{\"rotate\":\"-10deg\",\"rotateX\":\"75deg\",\"rotateY\":\"0deg\"},\"opacity\":\"0%\"},\"100%\":{\"transform\":{\"rotate\":\"0deg\",\"rotateX\":\"0deg\",\"rotateY\":\"0deg\"},\"opacity\":\"100%\"}}},\"zoom-rotate\":{\"id\":\"zoom-rotate\",\"name\":\"zoom rotate\",\"keyframes\":{\"0%\":{\"transform\":{\"rotate\":\"180deg\",\"scale\":\"50%\"},\"opacity\":\"0%\"},\"100%\":{\"transform\":{\"rotate\":\"0deg\",\"scale\":\"100%\"},\"opacity\":\"100%\"}}},\"move-up\":{\"id\":\"move-up\",\"name\":\"move up\",\"keyframes\":{\"0%\":{\"transform\":{\"translateY\":\"100%\"}},\"100%\":{\"transform\":{\"translateY\":\"0%\"}}}},\"move-down\":{\"id\":\"move-down\",\"name\":\"move down\",\"keyframes\":{\"0%\":{\"transform\":{\"translateY\":\"-100-%\"}},\"100%\":{\"transform\":{\"translateY\":\"0%\"}}}},\"video-app-intro\":{\"id\":\"video-app-intro\",\"name\":\"video app intro\",\"keyframes\":{\"0%\":{\"transform\":{\"translateX\":\"-300px\",\"scale\":\"300%\",\"rotate\":\"90deg\"}},\"50%\":{\"transform\":{\"translateX\":\"-300px\",\"scale\":\"100%\",\"rotate\":\"0deg\"}},\"100%\":{\"transform\":{\"translateX\":\"0px\",\"scale\":\"100%\",\"rotate\":\"0deg\"}}}}},\"settings\":{\"4abb4926-9ff9-4587-a449-37bc59c34719\":{\"fade-in-top\":{\"selector\":true,\"triggerType\":\"onVisible\",\"triggerTarget\":[],\"triggerOnce\":true,\"reverseTarget\":[],\"easing\":\"ease-in-out\",\"duration\":\"2\",\"delay\":0,\"iterationCount\":1,\"direction\":\"normal\"}}}}","_advanced_custom_css":"","footnotes":""},"class_list":["post-1076","page","type-page","status-publish","hentry"],"_links":{"self":[{"href":"https:\/\/altura-gestion.fr\/index.php\/wp-json\/wp\/v2\/pages\/1076","targetHints":{"allow":["GET"]}}],"collection":[{"href":"https:\/\/altura-gestion.fr\/index.php\/wp-json\/wp\/v2\/pages"}],"about":[{"href":"https:\/\/altura-gestion.fr\/index.php\/wp-json\/wp\/v2\/types\/page"}],"author":[{"embeddable":true,"href":"https:\/\/altura-gestion.fr\/index.php\/wp-json\/wp\/v2\/users\/1"}],"replies":[{"embeddable":true,"href":"https:\/\/altura-gestion.fr\/index.php\/wp-json\/wp\/v2\/comments?post=1076"}],"version-history":[{"count":12,"href":"https:\/\/altura-gestion.fr\/index.php\/wp-json\/wp\/v2\/pages\/1076\/revisions"}],"predecessor-version":[{"id":2274,"href":"https:\/\/altura-gestion.fr\/index.php\/wp-json\/wp\/v2\/pages\/1076\/revisions\/2274"}],"wp:attachment":[{"href":"https:\/\/altura-gestion.fr\/index.php\/wp-json\/wp\/v2\/media?parent=1076"}],"curies":[{"name":"wp","href":"https:\/\/api.w.org\/{rel}","templated":true}]}}